{"id":1083,"date":"2023-01-23T14:24:29","date_gmt":"2023-01-23T13:24:29","guid":{"rendered":"https:\/\/sattler3d.com\/?page_id=1083"},"modified":"2023-01-23T14:24:29","modified_gmt":"2023-01-23T13:24:29","slug":"edutainment-mit-roboter","status":"publish","type":"page","link":"https:\/\/sattler3d.com\/index.php\/anwendung\/edutainment-mit-roboter\/","title":{"rendered":"EDUTAINMENT MIT ROBOTER"},"content":{"rendered":"\n<p>Robotik unterhaltsam lernen und erfahren.<\/p>\n\n\n\n<p>Unsere e.DO\u2019s k\u00f6nnen Sie mieten f\u00fcr<\/p>\n\n\n\n<ul class=\"wp-block-list\"><li>Messen<\/li><li>Events<\/li><li>Ausstellungser\u00f6ffnungen<\/li><li>Fototermine<\/li><li>Kunstprojekte<\/li><li>Schulungen<\/li><\/ul>\n\n\n\n<p>Mit unseren Robotern k\u00f6nnen Sie die Akzeptanz gegen\u00fcber neuen Technologien in Ihrem Unternehmen erh\u00f6hen<\/p>\n","protected":false},"excerpt":{"rendered":"<p>Robotik unterhaltsam lernen und erfahren. Unsere e.DO\u2019s k\u00f6nnen Sie mieten f\u00fcr Messen Events Ausstellungser\u00f6ffnungen Fototermine Kunstprojekte Schulungen Mit unseren Robotern k\u00f6nnen Sie die Akzeptanz gegen\u00fcber neuen Technologien in Ihrem Unternehmen erh\u00f6hen<\/p>\n","protected":false},"author":2,"featured_media":0,"parent":651,"menu_order":12,"comment_status":"closed","ping_status":"closed","template":"","meta":{"footnotes":""},"class_list":["post-1083","page","type-page","status-publish","hentry"],"_links":{"self":[{"href":"https:\/\/sattler3d.com\/index.php\/wp-json\/wp\/v2\/pages\/1083","targetHints":{"allow":["GET"]}}],"collection":[{"href":"https:\/\/sattler3d.com\/index.php\/wp-json\/wp\/v2\/pages"}],"about":[{"href":"https:\/\/sattler3d.com\/index.php\/wp-json\/wp\/v2\/types\/page"}],"author":[{"embeddable":true,"href":"https:\/\/sattler3d.com\/index.php\/wp-json\/wp\/v2\/users\/2"}],"replies":[{"embeddable":true,"href":"https:\/\/sattler3d.com\/index.php\/wp-json\/wp\/v2\/comments?post=1083"}],"version-history":[{"count":1,"href":"https:\/\/sattler3d.com\/index.php\/wp-json\/wp\/v2\/pages\/1083\/revisions"}],"predecessor-version":[{"id":1084,"href":"https:\/\/sattler3d.com\/index.php\/wp-json\/wp\/v2\/pages\/1083\/revisions\/1084"}],"up":[{"embeddable":true,"href":"https:\/\/sattler3d.com\/index.php\/wp-json\/wp\/v2\/pages\/651"}],"wp:attachment":[{"href":"https:\/\/sattler3d.com\/index.php\/wp-json\/wp\/v2\/media?parent=1083"}],"curies":[{"name":"wp","href":"https:\/\/api.w.org\/{rel}","templated":true}]}}