{"id":1193,"date":"2023-06-20T19:30:41","date_gmt":"2023-06-20T17:30:41","guid":{"rendered":"https:\/\/sattler3d.com\/?page_id=1193"},"modified":"2023-06-20T19:30:41","modified_gmt":"2023-06-20T17:30:41","slug":"3d-modelle","status":"publish","type":"page","link":"https:\/\/sattler3d.com\/index.php\/3dcad\/3d-modelle\/","title":{"rendered":"3D-MODELLE"},"content":{"rendered":"\n<p>Wir bieten 3D-CAD-Modelle f\u00fcr die Vereinfachung der CAD-Arbeit, der Planungst\u00e4tigkeit, zur Erg\u00e4nzung der Visualisierung, f\u00fcr die Illustration und f\u00fcr kreative Freizeitgestaltung.<\/p>\n\n\n\n<h4 class=\"wp-block-heading\"><strong>Norm- und Zulieferteile<\/strong><\/h4>\n\n\n\n<ul class=\"wp-block-list\"><li>Standard-Parts f\u00fcr KOMPAS-3D (in Basisversion KOMPAS-3D integriert)<\/li><li>CADsymbols von IMSI-Design<\/li><li>TraceParts f\u00fcr KOMPAS-3D und TurboCAD Pro<\/li><li>andere Zulieferer auf Anfrage<\/li><\/ul>\n\n\n\n<h4 class=\"wp-block-heading\"><strong>Systemelemente<\/strong><\/h4>\n\n\n\n<ul class=\"wp-block-list\"><li>Aluminiumprofilsysteme<\/li><li>Messe- und Ausstellungssysteme (meroform M12 und R8, SCENARIO)<\/li><li>Case-Profilsysteme<\/li><\/ul>\n\n\n\n<h4 class=\"wp-block-heading\"><strong>Architektur<\/strong><\/h4>\n\n\n\n<ul class=\"wp-block-list\"><li>Dekorative Haust\u00fcren<\/li><li>Innent\u00fcren nach DIN, mit F\u00fcllung, Rundbogent\u00fcren<\/li><li>Kunststofffenster in Standardbreiten und -h\u00f6hen<\/li><li>Balkont\u00fcren \/ Balkont\u00fcr-Fenster-Kombinationen<\/li><\/ul>\n\n\n\n<figure class=\"wp-block-image\" id=\"attachment_138\"><img loading=\"lazy\" decoding=\"async\" width=\"200\" height=\"264\" src=\"https:\/\/sattler3d.com\/wp-content\/uploads\/2016\/06\/Rhodos200.jpg\" alt=\"Haust\u00fcr\" class=\"wp-image-138\"\/><figcaption>3D-Modell Haust\u00fcr \u201eRHODOS\u201c aus dem Paket Architektur 1<\/figcaption><\/figure>\n\n\n\n<h4 class=\"wp-block-heading\"><strong>M\u00f6bel<\/strong><\/h4>\n\n\n\n<ul class=\"wp-block-list\"><li>St\u00fchle und Barhocker (MAYER Sitzm\u00f6bel u.a.)<\/li><li>Tische und Stehtische<\/li><li>Vitrinen<\/li><li>Regalsysteme<\/li><\/ul>\n\n\n\n<figure class=\"wp-block-image\" id=\"attachment_139\"><img loading=\"lazy\" decoding=\"async\" width=\"225\" height=\"300\" src=\"https:\/\/sattler3d.com\/wp-content\/uploads\/2016\/06\/3DModellArtiChair_0-225x300.jpg\" alt=\"Drehstuhl\" class=\"wp-image-139\" srcset=\"https:\/\/sattler3d.com\/wp-content\/uploads\/2016\/06\/3DModellArtiChair_0-225x300.jpg 225w, https:\/\/sattler3d.com\/wp-content\/uploads\/2016\/06\/3DModellArtiChair_0.jpg 617w\" sizes=\"auto, (max-width: 225px) 100vw, 225px\" \/><figcaption>3D-Modell B\u00fcrodrehstuhl \u2013 Hersteller MAYER Sitzm\u00f6bel<\/figcaption><\/figure>\n\n\n\n<h4 class=\"wp-block-heading\"><strong>Illustration, Werbung und Entertainment<\/strong><\/h4>\n\n\n\n<ul class=\"wp-block-list\"><li>Gebrauchsgegenst\u00e4nde<\/li><li>Pflanzen\/Tiere\/ Menschen<\/li><li>Fantasy<\/li><\/ul>\n","protected":false},"excerpt":{"rendered":"<p>Wir bieten 3D-CAD-Modelle f\u00fcr die Vereinfachung der CAD-Arbeit, der Planungst\u00e4tigkeit, zur Erg\u00e4nzung der Visualisierung, f\u00fcr die Illustration und f\u00fcr kreative Freizeitgestaltung. Norm- und Zulieferteile Standard-Parts f\u00fcr KOMPAS-3D (in Basisversion KOMPAS-3D integriert) CADsymbols von IMSI-Design TraceParts f\u00fcr KOMPAS-3D und TurboCAD Pro andere Zulieferer auf Anfrage Systemelemente Aluminiumprofilsysteme Messe- und Ausstellungssysteme (meroform M12 und R8, SCENARIO) Case-Profilsysteme &#8230;<\/p>\n","protected":false},"author":2,"featured_media":0,"parent":19,"menu_order":35,"comment_status":"closed","ping_status":"closed","template":"","meta":{"footnotes":""},"class_list":["post-1193","page","type-page","status-publish","hentry"],"_links":{"self":[{"href":"https:\/\/sattler3d.com\/index.php\/wp-json\/wp\/v2\/pages\/1193","targetHints":{"allow":["GET"]}}],"collection":[{"href":"https:\/\/sattler3d.com\/index.php\/wp-json\/wp\/v2\/pages"}],"about":[{"href":"https:\/\/sattler3d.com\/index.php\/wp-json\/wp\/v2\/types\/page"}],"author":[{"embeddable":true,"href":"https:\/\/sattler3d.com\/index.php\/wp-json\/wp\/v2\/users\/2"}],"replies":[{"embeddable":true,"href":"https:\/\/sattler3d.com\/index.php\/wp-json\/wp\/v2\/comments?post=1193"}],"version-history":[{"count":1,"href":"https:\/\/sattler3d.com\/index.php\/wp-json\/wp\/v2\/pages\/1193\/revisions"}],"predecessor-version":[{"id":1194,"href":"https:\/\/sattler3d.com\/index.php\/wp-json\/wp\/v2\/pages\/1193\/revisions\/1194"}],"up":[{"embeddable":true,"href":"https:\/\/sattler3d.com\/index.php\/wp-json\/wp\/v2\/pages\/19"}],"wp:attachment":[{"href":"https:\/\/sattler3d.com\/index.php\/wp-json\/wp\/v2\/media?parent=1193"}],"curies":[{"name":"wp","href":"https:\/\/api.w.org\/{rel}","templated":true}]}}