{"id":1198,"date":"2023-06-29T18:17:14","date_gmt":"2023-06-29T16:17:14","guid":{"rendered":"https:\/\/sattler3d.com\/?page_id=1198"},"modified":"2023-06-29T18:17:14","modified_gmt":"2023-06-29T16:17:14","slug":"3d-druck-einzelteile","status":"publish","type":"page","link":"https:\/\/sattler3d.com\/index.php\/3d-druck\/3d-druck-einzelteile\/","title":{"rendered":"3D-DRUCK EINZELTEILE"},"content":{"rendered":"\n<h4 class=\"wp-block-heading\">Einzelteile aus dem 3D-Drucker<\/h4>\n\n\n\n<p>3D-Druck im FDM-Verfahren geh\u00f6rt zu den additiven Fertigungsverfahren. Wir bieten umfangreichen Service von der Idee bis zum fertigen Produkt:<\/p>\n\n\n\n<ul class=\"wp-block-list\"><li>\u00dcberpr\u00fcfung und Beratung zur Eignung des 3D-Drucks f\u00fcr ein konzipiertes Teil \/ Produkt<\/li><li>Auswahl des Materials<\/li><li>3D-Modellierung<\/li><li>3D-Druck im FDM-Verfahren oder andere Verfahren durch Partner<\/li><li>Nachbearbeitung z.B. Entfernung von St\u00fctzmaterial, Oberfl\u00e4chenfinish etc.<\/li><\/ul>\n\n\n\n<p><\/p>\n","protected":false},"excerpt":{"rendered":"<p>Einzelteile aus dem 3D-Drucker 3D-Druck im FDM-Verfahren geh\u00f6rt zu den additiven Fertigungsverfahren. Wir bieten umfangreichen Service von der Idee bis zum fertigen Produkt: \u00dcberpr\u00fcfung und Beratung zur Eignung des 3D-Drucks f\u00fcr ein konzipiertes Teil \/ Produkt Auswahl des Materials 3D-Modellierung 3D-Druck im FDM-Verfahren oder andere Verfahren durch Partner Nachbearbeitung z.B. Entfernung von St\u00fctzmaterial, Oberfl\u00e4chenfinish etc.<\/p>\n","protected":false},"author":2,"featured_media":0,"parent":559,"menu_order":-28,"comment_status":"closed","ping_status":"closed","template":"","meta":{"footnotes":""},"class_list":["post-1198","page","type-page","status-publish","hentry"],"_links":{"self":[{"href":"https:\/\/sattler3d.com\/index.php\/wp-json\/wp\/v2\/pages\/1198","targetHints":{"allow":["GET"]}}],"collection":[{"href":"https:\/\/sattler3d.com\/index.php\/wp-json\/wp\/v2\/pages"}],"about":[{"href":"https:\/\/sattler3d.com\/index.php\/wp-json\/wp\/v2\/types\/page"}],"author":[{"embeddable":true,"href":"https:\/\/sattler3d.com\/index.php\/wp-json\/wp\/v2\/users\/2"}],"replies":[{"embeddable":true,"href":"https:\/\/sattler3d.com\/index.php\/wp-json\/wp\/v2\/comments?post=1198"}],"version-history":[{"count":1,"href":"https:\/\/sattler3d.com\/index.php\/wp-json\/wp\/v2\/pages\/1198\/revisions"}],"predecessor-version":[{"id":1199,"href":"https:\/\/sattler3d.com\/index.php\/wp-json\/wp\/v2\/pages\/1198\/revisions\/1199"}],"up":[{"embeddable":true,"href":"https:\/\/sattler3d.com\/index.php\/wp-json\/wp\/v2\/pages\/559"}],"wp:attachment":[{"href":"https:\/\/sattler3d.com\/index.php\/wp-json\/wp\/v2\/media?parent=1198"}],"curies":[{"name":"wp","href":"https:\/\/api.w.org\/{rel}","templated":true}]}}