{"id":1302,"date":"2024-09-25T13:52:02","date_gmt":"2024-09-25T11:52:02","guid":{"rendered":"https:\/\/sattler3d.com\/?page_id=1302"},"modified":"2024-09-25T15:43:52","modified_gmt":"2024-09-25T13:43:52","slug":"zw3d","status":"publish","type":"page","link":"https:\/\/sattler3d.com\/index.php\/3dcad\/cad-training\/zw3d\/","title":{"rendered":"ZW3D CAD-SOFTWARE"},"content":{"rendered":"\n<figure class=\"wp-block-image size-medium is-resized\"><img loading=\"lazy\" decoding=\"async\" src=\"https:\/\/sattler3d.com\/wp-content\/uploads\/2024\/09\/ZW3D_Logo-300x81.png\" alt=\"\" class=\"wp-image-1307\" width=\"150\" height=\"41\" srcset=\"https:\/\/sattler3d.com\/wp-content\/uploads\/2024\/09\/ZW3D_Logo-300x81.png 300w, https:\/\/sattler3d.com\/wp-content\/uploads\/2024\/09\/ZW3D_Logo-1024x276.png 1024w, https:\/\/sattler3d.com\/wp-content\/uploads\/2024\/09\/ZW3D_Logo-768x207.png 768w, https:\/\/sattler3d.com\/wp-content\/uploads\/2024\/09\/ZW3D_Logo-1536x414.png 1536w, https:\/\/sattler3d.com\/wp-content\/uploads\/2024\/09\/ZW3D_Logo-2048x551.png 2048w\" sizes=\"auto, (max-width: 150px) 100vw, 150px\" \/><\/figure>\n\n\n\n<p>Durch die einzigartige hybride Modellierung von Volumen und Fl\u00e4chen, Verwaltung von Dateien mit mehreren Objekten, dem leistungsstarken Datenaustausch und zuver l\u00e4ssigen Werkzeugen zur Datenpr\u00fcfung, ist die Konstruktion mit ZW3D CAD unschlagbar.<br>Dar\u00fcber hinaus bietet die Software L\u00f6sungen f\u00fcr Formkonstruktion, Blechbear beitung und Reverse Engineering. Dank einer kurzen Lernphase und des flexiblen Designmoduls von ZW3D k\u00f6nnen Sie den Produktdesignprozess beschleunigen und die Designproduktivit\u00e4t steigern.<\/p>\n\n\n\n<figure class=\"wp-block-image size-full\"><a href=\"https:\/\/sattler3d.com\/index.php\/2024\/09\/25\/zw3d-2025\/\" target=\"_blank\" rel=\"noopener\"><img loading=\"lazy\" decoding=\"async\" width=\"900\" height=\"450\" src=\"https:\/\/sattler3d.com\/wp-content\/uploads\/2024\/09\/ZW3D2025.png\" alt=\"\" class=\"wp-image-1305\" srcset=\"https:\/\/sattler3d.com\/wp-content\/uploads\/2024\/09\/ZW3D2025.png 900w, https:\/\/sattler3d.com\/wp-content\/uploads\/2024\/09\/ZW3D2025-300x150.png 300w, https:\/\/sattler3d.com\/wp-content\/uploads\/2024\/09\/ZW3D2025-768x384.png 768w\" sizes=\"auto, (max-width: 900px) 100vw, 900px\" \/><\/a><figcaption>Die neue Version ZW3D 2025<\/figcaption><\/figure>\n\n\n\n<h5 class=\"wp-block-heading\">Features<\/h5>\n\n\n\n<p>\u2022 Konverter f\u00fcr CATPart, prt, asm, sldprt, par, ipt, sat, dwg, dxf, iges, step, x_t, 3dxml, x cgm, obj usw.<br>\u2022 2D-Skizzieren mit Skizzentemplates<br>\u2022 3D-Kurven &amp; 3D-Skizze<br>\u2022 Parametrische Konstruktion &amp; Direct Edit<br>\u2022 Hybride Modellierung von Volumen und Fl\u00e4chen<br>\u2022 Werkzeuge zum Verformen, Abwickeln &amp; Biegen<br>\u2022 Baugruppenkonstruktion, Kollisionspr\u00fcfung &amp; Animationen<br>\u2022 Geometrieheilung<br>\u2022 Blechkonstruktion, Strukturkonstruktion, Rohrleitungskonstruktion, Kabelbaumkonstruktion &amp; FTI<br>\u2022 Reverse Engineering<br>\u2022 2D-Ansichten, St\u00fccklisten- \/ Bohrtabellen<br>\u2022 PMI (Information f\u00fcr die Produktfertigung)<br>\u2022 Normteilbibliothek<\/p>\n\n\n\n<h5 class=\"wp-block-heading\"><br>Top 5 Gr\u00fcnde, sich f\u00fcr ZW3D<\/h5>\n\n\n\n<h5 class=\"wp-block-heading\">1. Ausgezeichneter Datenkonverter<\/h5>\n\n\n\n<p>Mit ZW3D CAD k\u00f6nnen Sie Schwierigkeiten mit dem Datenaustausch zwischen unterschiedlichen 3D-Konstruktionssystemen beseitigen und maximieren die Verwendbarkeit von Daten. \u00dcber den Austausch von Daten mit Ihren Lieferanten m\u00fcssen Sie sich keine Gedanken mehr machen.<\/p>\n\n\n\n<h5 class=\"wp-block-heading\"><br>2. Einfach zu lernen &amp; anzuwenden, 3D-Visualisierung &amp; Parametrisierung<\/h5>\n\n\n\n<p>Die intuitive Benutzerober\u00e4che, der \u00fcbersichtliche Arbeitsablauf der Konstruktion und die integrierten Show-n-Tell \u2122- Handb\u00fccher helfen Ihnen dabei, Ihre Lernkurve zu verk\u00fcrzen und die Schulungskosten zu senken. Au\u00dferdem kann das Bauteil direkt mit einer vollst\u00e4ndigen Parametrisierung in 3D visualisiert werden .<\/p>\n\n\n\n<h5 class=\"wp-block-heading\"><br>3. Flexible und bedienerfreundliche Software<\/h5>\n\n\n\n<p>Dank der einzigartigen hybriden Modellierung von Volumen und Fl\u00e4chen kann ZW3D zur Optimierung des Modellierungsprozesses und Erh\u00f6hung der Designflexibilit\u00e4t beitragen, wobei kreative und personalisierte Produkteentw\u00fcrfe erstellt werden.<\/p>\n\n\n\n<h5 class=\"wp-block-heading\"><br>4. Vielseitige 3D CAD-Plattform<\/h5>\n\n\n\n<p>In ZW3D stehen verschiedene CAD-Funktionen wie 3D-Modellierung, Baugruppen, 3D-Anmerkungen, 2D-Zeichnung, Blechbearbeitung, High-Performance Blechmodul, Reverse Engineering und mehr zur Verf\u00fcgung, um die Anforderungen verschiedener Abteilungen in Ihrem Unternehmen zu erf\u00fcllen.<\/p>\n\n\n\n<h5 class=\"wp-block-heading\"><br>5. Effektive und kosteng\u00fcnstige 3D CAD-Software<\/h5>\n\n\n\n<p>Mit einem leistungsstarken Datenkonverter, einer intuitiven Benutzeroberfl\u00e4che und effektive und leistungsstarken Konstruktions- und Fertigungsfunktionen bietet ZW3D eine kosteng\u00fcnstige CAD \/ CAM-L\u00f6sung.<\/p>\n\n\n\n<h5 class=\"wp-block-heading\">Die Entwickler von ZW3D <\/h5>\n\n\n\n<p>ZWSOFT liefert seit 1998 zuverl\u00e4ssige All-in-One-CAx-L\u00f6sungen, auf die \u00fcber 1.400.000 Designer, Architekten und Ingenieure in mehr als 90 L\u00e4ndern weltweit vertrauen. <a href=\"https:\/\/www.zwsoft.de\/\" target=\"_blank\" rel=\"noreferrer noopener\">https:\/\/www.zwsoft.de\/<\/a><\/p>\n\n\n\n<p>Weitere Informationen finden Sie im Flyer:<\/p>\n\n\n\n<div class=\"wp-block-file\"><a href=\"https:\/\/sattler3d.com\/wp-content\/uploads\/2024\/09\/ZW3DCADModul_de.pdf\" target=\"_blank\" rel=\"noreferrer noopener\">ZW3DCADModul_de<\/a><a href=\"https:\/\/sattler3d.com\/wp-content\/uploads\/2024\/09\/ZW3DCADModul_de.pdf\" class=\"wp-block-file__button\" download>Herunterladen<\/a><\/div>\n\n\n\n<p><\/p>\n\n\n\n<p>Informationen zur aktuellen Version ZW3D 2025 finden Sie <a href=\"https:\/\/sattler3d.com\/index.php\/2024\/09\/25\/zw3d-2025\/\" data-type=\"post\" data-id=\"1312\" target=\"_blank\" rel=\"noreferrer noopener\">hier<\/a>.<\/p>\n\n\n\n<p>Hier geht&#8217;s zu unserem ZW3D-Blog: <a rel=\"noreferrer noopener\" href=\"https:\/\/zw3d-blog.blogspot.com\/p\/start.html\" target=\"_blank\">https:\/\/zw3d-blog.blogspot.com\/p\/start.html<\/a> <\/p>\n","protected":false},"excerpt":{"rendered":"<p>Durch die einzigartige hybride Modellierung von Volumen und Fl\u00e4chen, Verwaltung von Dateien mit mehreren Objekten, dem leistungsstarken Datenaustausch und zuver l\u00e4ssigen Werkzeugen zur Datenpr\u00fcfung, ist die Konstruktion mit ZW3D CAD unschlagbar.Dar\u00fcber hinaus bietet die Software L\u00f6sungen f\u00fcr Formkonstruktion, Blechbear beitung und Reverse Engineering. Dank einer kurzen Lernphase und des flexiblen Designmoduls von ZW3D k\u00f6nnen Sie &#8230;<\/p>\n","protected":false},"author":2,"featured_media":0,"parent":173,"menu_order":-35,"comment_status":"closed","ping_status":"closed","template":"","meta":{"footnotes":""},"class_list":["post-1302","page","type-page","status-publish","hentry"],"_links":{"self":[{"href":"https:\/\/sattler3d.com\/index.php\/wp-json\/wp\/v2\/pages\/1302","targetHints":{"allow":["GET"]}}],"collection":[{"href":"https:\/\/sattler3d.com\/index.php\/wp-json\/wp\/v2\/pages"}],"about":[{"href":"https:\/\/sattler3d.com\/index.php\/wp-json\/wp\/v2\/types\/page"}],"author":[{"embeddable":true,"href":"https:\/\/sattler3d.com\/index.php\/wp-json\/wp\/v2\/users\/2"}],"replies":[{"embeddable":true,"href":"https:\/\/sattler3d.com\/index.php\/wp-json\/wp\/v2\/comments?post=1302"}],"version-history":[{"count":11,"href":"https:\/\/sattler3d.com\/index.php\/wp-json\/wp\/v2\/pages\/1302\/revisions"}],"predecessor-version":[{"id":1334,"href":"https:\/\/sattler3d.com\/index.php\/wp-json\/wp\/v2\/pages\/1302\/revisions\/1334"}],"up":[{"embeddable":true,"href":"https:\/\/sattler3d.com\/index.php\/wp-json\/wp\/v2\/pages\/173"}],"wp:attachment":[{"href":"https:\/\/sattler3d.com\/index.php\/wp-json\/wp\/v2\/media?parent=1302"}],"curies":[{"name":"wp","href":"https:\/\/api.w.org\/{rel}","templated":true}]}}