{"id":131,"date":"2016-05-31T16:50:44","date_gmt":"2016-05-31T14:50:44","guid":{"rendered":"http:\/\/sattler-media.com\/?page_id=131"},"modified":"2025-10-29T10:22:02","modified_gmt":"2025-10-29T09:22:02","slug":"service-fuer-messe-und-event","status":"publish","type":"page","link":"https:\/\/sattler3d.com\/index.php\/service\/service-fuer-messe-und-event\/","title":{"rendered":"SERVICE MESSE + AUSSTELLUNG + EVENT"},"content":{"rendered":"<h2>Dienstleistungen f\u00fcr Messe,\u00a0 Event und Ausstellung<\/h2>\n<p>Seit 1996 erbringen wir technische Dienstleistungen f\u00fcr Messen, Veranstaltungen und Ausstellungen f\u00fcr unsere Kunden.<\/p>\n<h4>Unsere Leistungen<\/h4>\n<ul>\n<li>Konzept, Entwurf, Konstruktion und Planung mit 3D-CAD<\/li>\n<li>Fertigung und Montage in unserer eigenen Werkstatt (Metall, Kunststoff, Holz, Elektro)<\/li>\n<li>Medientechnik zum Kauf oder zur Miete (Projektoren, Flachbildschirme, Audio etc.)<\/li>\n<li>Vollservice f\u00fcr Messen, Ausstellungen und Veranstaltungen,<\/li>\n<li>Mietausstattung, Mietm\u00f6bel und Dekoration<\/li>\n<li>Montage \/ Demontagen beim Kunden oder am Ausstellungs- oder Veranstaltungsort<\/li>\n<\/ul>\n<figure id=\"attachment_239\" aria-describedby=\"caption-attachment-239\" style=\"width: 600px\" class=\"wp-caption alignnone\"><img loading=\"lazy\" decoding=\"async\" class=\"wp-image-239 size-full\" src=\"http:\/\/sattler3d.com\/wp-content\/uploads\/2016\/05\/JuFo2010600.jpg\" alt=\"Jufo2010\" width=\"600\" height=\"683\" srcset=\"https:\/\/sattler3d.com\/wp-content\/uploads\/2016\/05\/JuFo2010600.jpg 600w, https:\/\/sattler3d.com\/wp-content\/uploads\/2016\/05\/JuFo2010600-264x300.jpg 264w\" sizes=\"auto, (max-width: 600px) 100vw, 600px\" \/><figcaption id=\"caption-attachment-239\" class=\"wp-caption-text\">Auszeichnungsveranstaltung Jugend Forscht Regionalwettbewerb Mittelth\u00fcringen 2010 &#8211; mit Rapper Doppel-U im Kinder-Medienzentrum Erfurt &#8211; CAD-Planung und Realisierung der Ausstellung, der B\u00fchne, Video- und Audiotechnik: SATTLER media + datasystems<\/figcaption><\/figure>\n<h4>Unsere Kunden<\/h4>\n<ul>\n<li>Unternehmen, Beh\u00f6rden und Vereine<\/li>\n<li>Ausstellungsveranstalter, Museen und Galerien<\/li>\n<li>Veranstaltungslocations, \u00f6ffentliche Geb\u00e4ude und Hotels<\/li>\n<li>Privatkunden<\/li>\n<\/ul>\n<h4>Zuverl\u00e4ssige Partner<\/h4>\n<p>Seit Gr\u00fcndung unseres Unternehmens haben wir uns ein breites Netzwerk von kompetenten Partnern aufgebaut. Neben langj\u00e4hrigen Lieferanten und Entwicklungspartnern haben wir auch f\u00fcr die Fertigung, die Erstellung von Werbefl\u00e4chen (Grafikdesign, Digitaldruck, Plott), digitale Inhalte, Werbetechnik, Transport und Montage zuverl\u00e4ssige Partner .<\/p>\n<h4 id=\"page-title\" class=\"title\"><strong>Miettechnik und Mietm\u00f6bel<\/strong><\/h4>\n<div class=\"region region-content\">\n<div id=\"block-system-main\" class=\"block block-system\">\n<div class=\"content\">\n<div id=\"node-18\" class=\"node node-page clearfix\">\n<div class=\"content\">\n<div class=\"field field-name-body field-type-text-with-summary field-label-hidden\">\n<div class=\"field-items\">\n<div class=\"field-item even\">\n<h4><strong>Systeme f\u00fcr Messen, Ausstellungen und Veranstaltungen<\/strong><\/h4>\n<div>\n<ul>\n<li>meroform M12 System (Stahl verchromt) &#8211; Stab-Knoten-System f\u00fcr Standw\u00e4nde und Raumfachwerke<\/li>\n<li>meroform M12 System Gittertr\u00e4ger (Stahl verchromt) als Traversen<\/li>\n<li>meroform R8 System (Aluminium silber eloxiert) &#8211; St\u00fctzen-Zargen-System f\u00fcr Standw\u00e4nde<\/li>\n<li>SCENARIO (wei\u00df) &#8211; Plattenstecksystem f\u00fcr Standw\u00e4nde (Nur Miete)<\/li>\n<\/ul>\n<\/div>\n<h4><strong>Lichttechnik und mobile Mittelspannungsverteilung<\/strong><\/h4>\n<ul>\n<li>LED-Spots und Flooter, einschlie\u00dflich farbig (RGB)<\/li>\n<li>Verteiler und Kabel bis CEE 32 (3&#215;240 V \/ 32A)<\/li>\n<\/ul>\n<h4><strong>Medientechnik<\/strong><\/h4>\n<ul>\n<li>Gro\u00dfformat-Displays<\/li>\n<li>Projektoren<\/li>\n<li>Projektionsfl\u00e4chen, R\u00fcckprojektionssysteme<\/li>\n<li>Audioanlagen incl. Mikrofonen<\/li>\n<li>Kabel und Zubeh\u00f6r<\/li>\n<\/ul>\n<h4><strong>M\u00f6bel<\/strong><\/h4>\n<ul>\n<li>St\u00fchle, Barhocker, Coctailsessel<\/li>\n<li>Tische, Stehtische, Counter, Rednerpulte<\/li>\n<li>Media-Racks, Sonderm\u00f6bel<\/li>\n<li>Vitrinen, Regale<\/li>\n<\/ul>\n<h4><strong>Dekoration und Ausstattung<\/strong><\/h4>\n<ul>\n<li>Textilelemente<\/li>\n<li>Standausstattung<\/li>\n<\/ul>\n<\/div>\n<\/div>\n<\/div>\n<\/div>\n<\/div>\n<\/div>\n<\/div>\n<\/div>\n","protected":false},"excerpt":{"rendered":"<p>Dienstleistungen f\u00fcr Messe,\u00a0 Event und Ausstellung Seit 1996 erbringen wir technische Dienstleistungen f\u00fcr Messen, Veranstaltungen und Ausstellungen f\u00fcr unsere Kunden. Unsere Leistungen Konzept, Entwurf, Konstruktion und Planung mit 3D-CAD Fertigung und Montage in unserer eigenen Werkstatt (Metall, Kunststoff, Holz, Elektro) Medientechnik zum Kauf oder zur Miete (Projektoren, Flachbildschirme, Audio etc.) Vollservice f\u00fcr Messen, Ausstellungen und &#8230;<\/p>\n","protected":false},"author":2,"featured_media":0,"parent":31,"menu_order":18,"comment_status":"closed","ping_status":"closed","template":"","meta":{"footnotes":""},"class_list":["post-131","page","type-page","status-publish","hentry"],"_links":{"self":[{"href":"https:\/\/sattler3d.com\/index.php\/wp-json\/wp\/v2\/pages\/131","targetHints":{"allow":["GET"]}}],"collection":[{"href":"https:\/\/sattler3d.com\/index.php\/wp-json\/wp\/v2\/pages"}],"about":[{"href":"https:\/\/sattler3d.com\/index.php\/wp-json\/wp\/v2\/types\/page"}],"author":[{"embeddable":true,"href":"https:\/\/sattler3d.com\/index.php\/wp-json\/wp\/v2\/users\/2"}],"replies":[{"embeddable":true,"href":"https:\/\/sattler3d.com\/index.php\/wp-json\/wp\/v2\/comments?post=131"}],"version-history":[{"count":15,"href":"https:\/\/sattler3d.com\/index.php\/wp-json\/wp\/v2\/pages\/131\/revisions"}],"predecessor-version":[{"id":1379,"href":"https:\/\/sattler3d.com\/index.php\/wp-json\/wp\/v2\/pages\/131\/revisions\/1379"}],"up":[{"embeddable":true,"href":"https:\/\/sattler3d.com\/index.php\/wp-json\/wp\/v2\/pages\/31"}],"wp:attachment":[{"href":"https:\/\/sattler3d.com\/index.php\/wp-json\/wp\/v2\/media?parent=131"}],"curies":[{"name":"wp","href":"https:\/\/api.w.org\/{rel}","templated":true}]}}