{"id":1337,"date":"2025-03-12T15:34:10","date_gmt":"2025-03-12T14:34:10","guid":{"rendered":"https:\/\/sattler3d.com\/?page_id=1337"},"modified":"2025-03-12T15:58:05","modified_gmt":"2025-03-12T14:58:05","slug":"makerstore","status":"publish","type":"page","link":"https:\/\/sattler3d.com\/index.php\/service\/makerstore\/","title":{"rendered":"MAKERSTORE"},"content":{"rendered":"\n<p>Unser Makerstore befindet sich in Erfurt, in der Schwerborner Stra\u00dfe 6c, gleich nach dem Bahn\u00fcbergang Erfurt Ost in unserem Werkstattgeb\u00e4ude.<\/p>\n\n\n\n<p>Wir haben keine festen \u00d6ffnungszeiten. Im Normalfall sind wir Montag bis Freitag jeweils von 9.00 &#8211; 12.00 Uhr und 13.00 &#8211; 17.00 Uhr vor Ort. Bitte Termin vereinbaren oder telefonisch nachfragen, ob wir in der Werkstatt sind.<\/p>\n\n\n\n<h5 class=\"wp-block-heading\">3D-Druck-Zubeh\u00f6r<\/h5>\n\n\n\n<ul class=\"wp-block-list\">\n<li>Filament D= 1,75 mm ganze Rollen und Nachf\u00fcllpacks PLA, ASA, PETG<\/li>\n\n\n\n<li>Werkzeug<\/li>\n<\/ul>\n\n\n\n<h5 class=\"wp-block-heading\">Robotik<\/h5>\n\n\n\n<ul class=\"wp-block-list\">\n<li>Roboter f\u00fcr Maker<\/li>\n\n\n\n<li>Greifer<\/li>\n<\/ul>\n\n\n\n<h5 class=\"wp-block-heading\">Aluminiumprofile<\/h5>\n\n\n\n<p> Stangenmaterial incl. Zuschnitt mit Alu-Kapps\u00e4ge<\/p>\n\n\n\n<ul class=\"wp-block-list\">\n<li>Aluminium-Konstruktionsprofile kompatibel zu BOSCH MGE und ITEM,<\/li>\n\n\n\n<li>Profile f\u00fcr Messe und Ausstellung<\/li>\n\n\n\n<li>Alu Standardprofile<\/li>\n<\/ul>\n\n\n\n<h5 class=\"wp-block-heading\">Plattenmaterial<\/h5>\n\n\n\n<p>Ganze Platten und Zuschnitte auf Plattens\u00e4ge<\/p>\n\n\n\n<ul class=\"wp-block-list\">\n<li>Kunststoff PVC-Hartschaum <\/li>\n\n\n\n<li>Acrylglas<\/li>\n\n\n\n<li> Polycarbonat<\/li>\n\n\n\n<li>Aluminium-Verbund-Platten<\/li>\n\n\n\n<li>Aluminium<\/li>\n\n\n\n<li>Sperrholz und Multiplex<\/li>\n\n\n\n<li>KAPA (10 mm)<\/li>\n\n\n\n<li>weitere Materialien auf Anfrage<\/li>\n<\/ul>\n\n\n\n<h5 class=\"wp-block-heading\">Modellbaumaterial<\/h5>\n\n\n\n<ul class=\"wp-block-list\">\n<li>Kunststoffst\u00e4be<\/li>\n\n\n\n<li>Dekoteile<\/li>\n<\/ul>\n\n\n\n<h5 class=\"wp-block-heading\">Normteile und Maschinenelemente<\/h5>\n\n\n\n<ul class=\"wp-block-list\">\n<li>Schrauben &amp; Co.<\/li>\n\n\n\n<li>Maschinenelemente<\/li>\n<\/ul>\n\n\n\n<h5 class=\"wp-block-heading\">Elektromaterial f\u00fcr Niedervoltbereich<\/h5>\n\n\n\n<ul class=\"wp-block-list\">\n<li>Schalter &amp; Taster<\/li>\n\n\n\n<li>LEDs<\/li>\n\n\n\n<li>Steckverbinder (Wieland)<\/li>\n\n\n\n<li>weiteres auf Anfrage<\/li>\n<\/ul>\n\n\n\n<h5 class=\"wp-block-heading\">Klebeband &amp; Tape<\/h5>\n\n\n\n<ul class=\"wp-block-list\">\n<li>Gaffa schwarz und silber (weitere Farben auf Anfrage)<\/li>\n\n\n\n<li>doppelseitiges Klebeband \u2013 wieder abl\u00f6sbar f\u00fcr Messe, Event und Ausstellung <\/li>\n\n\n\n<li>weitere auf Anfrage<\/li>\n<\/ul>\n\n\n\n<h5 class=\"wp-block-heading\">Werkzeuge<\/h5>\n\n\n\n<ul class=\"wp-block-list\">\n<li>Werkzeuge f\u00fcr Feinmechanik<\/li>\n\n\n\n<li>spezielle Werkzeuge f\u00fcr die Nachbearbeitung von 3D-gedruckten Modellen<\/li>\n<\/ul>\n\n\n\n<p>Falls Sie nicht sicher sind, ob wir das gew\u00fcnschte Material oder Teil auf Lager haben, bitte vorher anfragen.<\/p>\n\n\n\n<p><\/p>\n","protected":false},"excerpt":{"rendered":"<p>Unser Makerstore befindet sich in Erfurt, in der Schwerborner Stra\u00dfe 6c, gleich nach dem Bahn\u00fcbergang Erfurt Ost in unserem Werkstattgeb\u00e4ude. Wir haben keine festen \u00d6ffnungszeiten. Im Normalfall sind wir Montag bis Freitag jeweils von 9.00 &#8211; 12.00 Uhr und 13.00 &#8211; 17.00 Uhr vor Ort. Bitte Termin vereinbaren oder telefonisch nachfragen, ob wir in der &#8230;<\/p>\n","protected":false},"author":2,"featured_media":0,"parent":31,"menu_order":13,"comment_status":"closed","ping_status":"closed","template":"","meta":{"footnotes":""},"class_list":["post-1337","page","type-page","status-publish","hentry"],"_links":{"self":[{"href":"https:\/\/sattler3d.com\/index.php\/wp-json\/wp\/v2\/pages\/1337","targetHints":{"allow":["GET"]}}],"collection":[{"href":"https:\/\/sattler3d.com\/index.php\/wp-json\/wp\/v2\/pages"}],"about":[{"href":"https:\/\/sattler3d.com\/index.php\/wp-json\/wp\/v2\/types\/page"}],"author":[{"embeddable":true,"href":"https:\/\/sattler3d.com\/index.php\/wp-json\/wp\/v2\/users\/2"}],"replies":[{"embeddable":true,"href":"https:\/\/sattler3d.com\/index.php\/wp-json\/wp\/v2\/comments?post=1337"}],"version-history":[{"count":4,"href":"https:\/\/sattler3d.com\/index.php\/wp-json\/wp\/v2\/pages\/1337\/revisions"}],"predecessor-version":[{"id":1345,"href":"https:\/\/sattler3d.com\/index.php\/wp-json\/wp\/v2\/pages\/1337\/revisions\/1345"}],"up":[{"embeddable":true,"href":"https:\/\/sattler3d.com\/index.php\/wp-json\/wp\/v2\/pages\/31"}],"wp:attachment":[{"href":"https:\/\/sattler3d.com\/index.php\/wp-json\/wp\/v2\/media?parent=1337"}],"curies":[{"name":"wp","href":"https:\/\/api.w.org\/{rel}","templated":true}]}}