{"id":1359,"date":"2025-08-08T16:08:42","date_gmt":"2025-08-08T14:08:42","guid":{"rendered":"https:\/\/sattler3d.com\/?page_id=1359"},"modified":"2025-08-08T16:08:42","modified_gmt":"2025-08-08T14:08:42","slug":"spezialmoebel","status":"publish","type":"page","link":"https:\/\/sattler3d.com\/index.php\/spezialmoebel\/","title":{"rendered":"SPEZIALM\u00d6BEL"},"content":{"rendered":"\n<p>M\u00f6bel f\u00fcr spezielle Einsatzgebiete in Werkstatt, Labor, Studio oder f\u00fcr Veranstaltungen und Messen<\/p>\n\n\n\n<ul class=\"wp-block-list\">\n<li>Vitrinen<\/li>\n\n\n\n<li>Counter und Theken<\/li>\n\n\n\n<li>Rednerpulte<\/li>\n\n\n\n<li>Mediam\u00f6bel<\/li>\n\n\n\n<li>Multifunktionsm\u00f6bel<\/li>\n\n\n\n<li>Tische (Sonderanfertigungen)<\/li>\n\n\n\n<li>Sitzm\u00f6bel (Sonderanfertigungen)<\/li>\n\n\n\n<li>Regale (Sonderanfertigungen)<\/li>\n<\/ul>\n\n\n\n<p><\/p>\n","protected":false},"excerpt":{"rendered":"<p>M\u00f6bel f\u00fcr spezielle Einsatzgebiete in Werkstatt, Labor, Studio oder f\u00fcr Veranstaltungen und Messen<\/p>\n","protected":false},"author":2,"featured_media":0,"parent":0,"menu_order":3,"comment_status":"closed","ping_status":"closed","template":"","meta":{"footnotes":""},"class_list":["post-1359","page","type-page","status-publish","hentry"],"_links":{"self":[{"href":"https:\/\/sattler3d.com\/index.php\/wp-json\/wp\/v2\/pages\/1359","targetHints":{"allow":["GET"]}}],"collection":[{"href":"https:\/\/sattler3d.com\/index.php\/wp-json\/wp\/v2\/pages"}],"about":[{"href":"https:\/\/sattler3d.com\/index.php\/wp-json\/wp\/v2\/types\/page"}],"author":[{"embeddable":true,"href":"https:\/\/sattler3d.com\/index.php\/wp-json\/wp\/v2\/users\/2"}],"replies":[{"embeddable":true,"href":"https:\/\/sattler3d.com\/index.php\/wp-json\/wp\/v2\/comments?post=1359"}],"version-history":[{"count":1,"href":"https:\/\/sattler3d.com\/index.php\/wp-json\/wp\/v2\/pages\/1359\/revisions"}],"predecessor-version":[{"id":1360,"href":"https:\/\/sattler3d.com\/index.php\/wp-json\/wp\/v2\/pages\/1359\/revisions\/1360"}],"wp:attachment":[{"href":"https:\/\/sattler3d.com\/index.php\/wp-json\/wp\/v2\/media?parent=1359"}],"curies":[{"name":"wp","href":"https:\/\/api.w.org\/{rel}","templated":true}]}}