{"id":1363,"date":"2025-08-08T16:18:24","date_gmt":"2025-08-08T14:18:24","guid":{"rendered":"https:\/\/sattler3d.com\/?page_id=1363"},"modified":"2025-08-08T16:25:04","modified_gmt":"2025-08-08T14:25:04","slug":"designobjekte","status":"publish","type":"page","link":"https:\/\/sattler3d.com\/index.php\/designobjekte\/","title":{"rendered":"DESIGNOBJEKTE"},"content":{"rendered":"\n<p>Produkte f\u00fcr Pr\u00e4sentation, Erinnerung, Anerkennung, Individualit\u00e4t, und als Requisite oder Sammelobjekt<\/p>\n\n\n\n<ul class=\"wp-block-list\">\n<li>Tischaufsteller<\/li>\n\n\n\n<li>Pokale<\/li>\n\n\n\n<li>gro\u00dfe Objekte<\/li>\n<\/ul>\n\n\n\n<p><\/p>\n","protected":false},"excerpt":{"rendered":"<p>Produkte f\u00fcr Pr\u00e4sentation, Erinnerung, Anerkennung, Individualit\u00e4t, und als Requisite oder Sammelobjekt<\/p>\n","protected":false},"author":2,"featured_media":0,"parent":0,"menu_order":4,"comment_status":"closed","ping_status":"closed","template":"","meta":{"footnotes":""},"class_list":["post-1363","page","type-page","status-publish","hentry"],"_links":{"self":[{"href":"https:\/\/sattler3d.com\/index.php\/wp-json\/wp\/v2\/pages\/1363","targetHints":{"allow":["GET"]}}],"collection":[{"href":"https:\/\/sattler3d.com\/index.php\/wp-json\/wp\/v2\/pages"}],"about":[{"href":"https:\/\/sattler3d.com\/index.php\/wp-json\/wp\/v2\/types\/page"}],"author":[{"embeddable":true,"href":"https:\/\/sattler3d.com\/index.php\/wp-json\/wp\/v2\/users\/2"}],"replies":[{"embeddable":true,"href":"https:\/\/sattler3d.com\/index.php\/wp-json\/wp\/v2\/comments?post=1363"}],"version-history":[{"count":3,"href":"https:\/\/sattler3d.com\/index.php\/wp-json\/wp\/v2\/pages\/1363\/revisions"}],"predecessor-version":[{"id":1367,"href":"https:\/\/sattler3d.com\/index.php\/wp-json\/wp\/v2\/pages\/1363\/revisions\/1367"}],"wp:attachment":[{"href":"https:\/\/sattler3d.com\/index.php\/wp-json\/wp\/v2\/media?parent=1363"}],"curies":[{"name":"wp","href":"https:\/\/api.w.org\/{rel}","templated":true}]}}