{"id":160,"date":"2016-06-03T16:14:33","date_gmt":"2016-06-03T14:14:33","guid":{"rendered":"http:\/\/sattler-media.com\/?page_id=160"},"modified":"2025-10-29T10:04:40","modified_gmt":"2025-10-29T09:04:40","slug":"geschichte","status":"publish","type":"page","link":"https:\/\/sattler3d.com\/index.php\/home\/geschichte\/","title":{"rendered":"GESCHICHTE"},"content":{"rendered":"<ul>\n<li>2025 Juli: Teilnahme am Future Tech Camp Erfurt<\/li>\n<li>2025 Mai: Beteiligung am Messestand des VITT auf der Rapid.Tech 2025<\/li>\n<li>2024 Juni: Teilnahme am Future Tech Camp Erfurt<\/li>\n<li>2024 April: Teilnahme an der Bildung.Digital Magdeburg<\/li>\n<li>2023 September: Teinahme an der Bildung.Digital Essen<\/li>\n<li>2023 August: Teilnahme am Future Tech Camp Erfurt<\/li>\n<li>2022 August: Teilnahme am Future Tech Camp Erfurt<\/li>\n<li>2021 August: Organisation und Teilnahme am Sensor Space Sch\u00fclerInnen Camp Erfurt<\/li>\n<li>2020 September: der langj\u00e4hrige Seniorpartner Franz Sattler verstirbt im Alter von 88 Jahren<\/li>\n<li>2019 Juli: SATTLER 3D wird offizieller Reseller f\u00fcr e.Do Ausbildungsroboter der Comau Deutschland GmbH<\/li>\n<li>2019 M\u00e4rz: eigener Messestand auf der IT-Leistungsschau Th\u00fcringen 2019<\/li>\n<li>2018 Juli: Ab 1. Juli 2018 Firmierung nur noch unter SATTLER 3D<\/li>\n<li>2018 April: eigener Messestand auf der IT-Leistungsschau Th\u00fcringen 2018<\/li>\n<li>2017 Juni: eigener Messestand auf der Rapid.Tech 2017<\/li>\n<li>2016 Juni: eigener Messestand auf der Rapid.Tech 2016<\/li>\n<li>2016 Januar: Einf\u00fchrung 3D-Druck<\/li>\n<li>2015 Juni: Beteiligung am Messestand des VITT auf der Rapid.Tech 2015 in Erfurt<\/li>\n<li>2012 Dezember: Installation einer Photovoltaik-Anlage (30kW) auf dem Firmengeb\u00e4ude zur Deckung des eigenen Energiebedarfs und zur Einspeisung ins \u00f6ffentliche Energienetz<\/li>\n<li>2012 Mai: die CAD-Konferenz Erfurt 2012 wird von SATTLER media &amp; datasystems mitorganisiert und gesponsert<\/li>\n<li>2012 April: Eigener Messestand auf der Hannover Messe Industrie 2012<\/li>\n<li>2011 April: Beteiligung am Messestand der ASCON Group auf der Hannover Messe Industrie 2011<\/li>\n<li>2009 April: Gemeinsamer Messestand mit ASCON Group auf der Hannover Messe Industrie 2009<\/li>\n<li>2008 Mai: die CAD-Konferenz Erfurt 2008 wird von SATTLER media &amp; datasystems mitorganisiert und gesponsert<\/li>\n<li>2007 Juli: SATTLER media &amp; datasystems wird autorisierter Reseller f\u00fcr KOMPAS-3D der ASCON Group in Deutschland<\/li>\n<li>2006 Dezember: die CAD-Konferenz Erfurt 2006 wird von SATTLER media &amp; datasystems mitorganisiert und gesponsert<\/li>\n<li>2005 September: Abschlu\u00df des Umzuges in das neue Objekt. Die Firma SATTLER media &amp; datasystems umfa\u00dft die Gesch\u00e4ftsbereiche 3D-CAD &#8211; Service, Medientechnik, Messebau und Profiltechnik<\/li>\n<li>2005 Erwerb und Renovierung des Gewerbeobjektes Schwerborner Stra\u00dfe 6c in Erfurt<\/li>\n<li>2003 Einf\u00fchrung von 3D-CAD im Unternehmen (TurboCAD Professional)<\/li>\n<li>2001 Neue Gesch\u00e4ftsfelder Medientechnik und Datensysteme (Media &amp; Datasystems)<\/li>\n<li>1998 Gewerbeobjekt in Gru\u00dfrudestedt erworben und ausgebaut<\/li>\n<li>1996 Gr\u00fcndung des Unternehmens mit dem Schwerpunkt Messebau und Montage von Doppelb\u00f6den mit Systemelementen der Firma MERO sowie Verarbeitung von Aluminiumsystemprofilen. Firmierung: &#8222;SATTLER BAUSYSTEME&#8220;. Erster Firmensitz in Erfurt &#8211; Stotternheim<\/li>\n<\/ul>\n","protected":false},"excerpt":{"rendered":"<p>2025 Juli: Teilnahme am Future Tech Camp Erfurt 2025 Mai: Beteiligung am Messestand des VITT auf der Rapid.Tech 2025 2024 Juni: Teilnahme am Future Tech Camp Erfurt 2024 April: Teilnahme an der Bildung.Digital Magdeburg 2023 September: Teinahme an der Bildung.Digital Essen 2023 August: Teilnahme am Future Tech Camp Erfurt 2022 August: Teilnahme am Future Tech &#8230;<\/p>\n","protected":false},"author":2,"featured_media":0,"parent":919,"menu_order":31,"comment_status":"closed","ping_status":"closed","template":"","meta":{"footnotes":""},"class_list":["post-160","page","type-page","status-publish","hentry"],"_links":{"self":[{"href":"https:\/\/sattler3d.com\/index.php\/wp-json\/wp\/v2\/pages\/160","targetHints":{"allow":["GET"]}}],"collection":[{"href":"https:\/\/sattler3d.com\/index.php\/wp-json\/wp\/v2\/pages"}],"about":[{"href":"https:\/\/sattler3d.com\/index.php\/wp-json\/wp\/v2\/types\/page"}],"author":[{"embeddable":true,"href":"https:\/\/sattler3d.com\/index.php\/wp-json\/wp\/v2\/users\/2"}],"replies":[{"embeddable":true,"href":"https:\/\/sattler3d.com\/index.php\/wp-json\/wp\/v2\/comments?post=160"}],"version-history":[{"count":15,"href":"https:\/\/sattler3d.com\/index.php\/wp-json\/wp\/v2\/pages\/160\/revisions"}],"predecessor-version":[{"id":1376,"href":"https:\/\/sattler3d.com\/index.php\/wp-json\/wp\/v2\/pages\/160\/revisions\/1376"}],"up":[{"embeddable":true,"href":"https:\/\/sattler3d.com\/index.php\/wp-json\/wp\/v2\/pages\/919"}],"wp:attachment":[{"href":"https:\/\/sattler3d.com\/index.php\/wp-json\/wp\/v2\/media?parent=160"}],"curies":[{"name":"wp","href":"https:\/\/api.w.org\/{rel}","templated":true}]}}