{"id":173,"date":"2016-06-06T11:05:25","date_gmt":"2016-06-06T09:05:25","guid":{"rendered":"http:\/\/sattler-media.com\/?page_id=173"},"modified":"2024-09-25T13:59:41","modified_gmt":"2024-09-25T11:59:41","slug":"cad-training","status":"publish","type":"page","link":"https:\/\/sattler3d.com\/index.php\/3dcad\/cad-training\/","title":{"rendered":"3D-CAD SOFTWARE"},"content":{"rendered":"<div class=\"content\">\n<div class=\"field field-name-body field-type-text-with-summary field-label-hidden\">\n<div class=\"field-items\">\n<div class=\"field-item even\">\n<h3 class=\"entry-content\"><strong>Beratung zu 3D-CAD-Software<br \/>\n<\/strong><\/h3>\n<p>Seit Firmengr\u00fcndung 1996 arbeiten wir mit CAD-Software. Auf Grund unserer Erfahrungen bieten wir seit 2004 auch Beratung rund um 3D-CAD-Software an.<\/p>\n<h4><strong>Unsere Leistungen<\/strong><\/h4>\n<ul>\n<li>Beratung bei der Auswahl und Einf\u00fchrung von CAD-Software<\/li>\n<li>Erstellung von 3D-Modellen und Symbolbibliotheken: <strong><a href=\"https:\/\/sattler3d.com\/index.php\/sattler3d\/3d-modelle\/\">3D-CAD-Modelle<\/a><\/strong><\/li>\n<li>Individuelles Training f\u00fcr 2D- und 3D-CAD f\u00fcr die, bei uns gekaufte Software<\/li>\n<li>Visualisierung von Produkten und Projekten f\u00fcr Pr\u00e4sentation, Katalog und Dokumentation<\/li>\n<li>Datenkonvertierung zwischen unterschiedlichen CAD-Systemen<\/li>\n<\/ul>\n<p>Seit Mai 2024 k\u00f6nnen wir Ihnen die 3D-CAD-Software ZW3D anbieten. Informationen zu ZW3D finden Sie <a href=\"https:\/\/sattler3d.com\/index.php\/3dcad\/cad-training\/zw3d\/\">hier<\/a>:<\/p>\n<p><a href=\"https:\/\/sattler3d.com\/index.php\/3dcad\/cad-training\/zw3d\/\"><img loading=\"lazy\" decoding=\"async\" class=\"alignnone wp-image-1305 size-full\" src=\"https:\/\/sattler3d.com\/wp-content\/uploads\/2024\/09\/ZW3D2025.png\" alt=\"ZW3D\" width=\"900\" height=\"450\" srcset=\"https:\/\/sattler3d.com\/wp-content\/uploads\/2024\/09\/ZW3D2025.png 900w, https:\/\/sattler3d.com\/wp-content\/uploads\/2024\/09\/ZW3D2025-300x150.png 300w, https:\/\/sattler3d.com\/wp-content\/uploads\/2024\/09\/ZW3D2025-768x384.png 768w\" sizes=\"auto, (max-width: 900px) 100vw, 900px\" \/><\/a><\/p>\n<\/div>\n<\/div>\n<\/div>\n<\/div>\n<div class=\"content\">\n<div class=\"field field-name-body field-type-text-with-summary field-label-hidden\">\n<div class=\"field-items\">\n<div class=\"field-item even\">\n<p>Bitte beachten Sie, da\u00df wir den Verkauf von KOMPAS-3D und KOMPAS-Graphic ab dem 24.02.2022 bis auf weiteres einstellen. Wir verurteilen den Einmarsch des russische Milit\u00e4rs in die Ukraine und wollen nicht, das durch die, auf die Einnahmen des Software-Herstellers ASCON erhobenen Steuern, Waffen zur T\u00f6tung von Menschen durch die russische Regierung angeschafft werden k\u00f6nnen. F\u00fcr Bestandskunden werden wir den Service f\u00fcr <a href=\"https:\/\/sattler3d.com\/index.php\/3dcad\/cad-training\/kompas-3d\/\" target=\"_blank\" rel=\"noopener\">KOMPAS-3D<\/a> aber auch weiterhin aufrechterhalten.<\/p>\n<p>F\u00fcr weitere Informationen nehmen Sie bitte mit uns <a href=\"http:\/\/sattler-media.com\/index.php\/unternehmen\/kontakt\/\">Kontakt<\/a> auf.<\/p>\n<\/div>\n<\/div>\n<div class=\"field-item even\"><\/div>\n<\/div>\n<\/div>\n","protected":false},"excerpt":{"rendered":"<p>Beratung zu 3D-CAD-Software Seit Firmengr\u00fcndung 1996 arbeiten wir mit CAD-Software. Auf Grund unserer Erfahrungen bieten wir seit 2004 auch Beratung rund um 3D-CAD-Software an. Unsere Leistungen Beratung bei der Auswahl und Einf\u00fchrung von CAD-Software Erstellung von 3D-Modellen und Symbolbibliotheken: 3D-CAD-Modelle Individuelles Training f\u00fcr 2D- und 3D-CAD f\u00fcr die, bei uns gekaufte Software Visualisierung von Produkten &#8230;<\/p>\n","protected":false},"author":2,"featured_media":0,"parent":19,"menu_order":-34,"comment_status":"closed","ping_status":"closed","template":"","meta":{"footnotes":""},"class_list":["post-173","page","type-page","status-publish","hentry"],"_links":{"self":[{"href":"https:\/\/sattler3d.com\/index.php\/wp-json\/wp\/v2\/pages\/173","targetHints":{"allow":["GET"]}}],"collection":[{"href":"https:\/\/sattler3d.com\/index.php\/wp-json\/wp\/v2\/pages"}],"about":[{"href":"https:\/\/sattler3d.com\/index.php\/wp-json\/wp\/v2\/types\/page"}],"author":[{"embeddable":true,"href":"https:\/\/sattler3d.com\/index.php\/wp-json\/wp\/v2\/users\/2"}],"replies":[{"embeddable":true,"href":"https:\/\/sattler3d.com\/index.php\/wp-json\/wp\/v2\/comments?post=173"}],"version-history":[{"count":25,"href":"https:\/\/sattler3d.com\/index.php\/wp-json\/wp\/v2\/pages\/173\/revisions"}],"predecessor-version":[{"id":1311,"href":"https:\/\/sattler3d.com\/index.php\/wp-json\/wp\/v2\/pages\/173\/revisions\/1311"}],"up":[{"embeddable":true,"href":"https:\/\/sattler3d.com\/index.php\/wp-json\/wp\/v2\/pages\/19"}],"wp:attachment":[{"href":"https:\/\/sattler3d.com\/index.php\/wp-json\/wp\/v2\/media?parent=173"}],"curies":[{"name":"wp","href":"https:\/\/api.w.org\/{rel}","templated":true}]}}