{"id":19,"date":"2016-03-22T14:05:11","date_gmt":"2016-03-22T13:05:11","guid":{"rendered":"http:\/\/sattler-media.com\/?page_id=19"},"modified":"2024-03-25T18:05:30","modified_gmt":"2024-03-25T17:05:30","slug":"3dcad","status":"publish","type":"page","link":"https:\/\/sattler3d.com\/index.php\/3dcad\/","title":{"rendered":"3D-CAD"},"content":{"rendered":"<div class=\"region region-content\">\n<div id=\"block-system-main\" class=\"block block-system\">\n<div class=\"content\">\n<div id=\"node-2\" class=\"node node-page clearfix\">\n<div class=\"content\">\n<div class=\"field field-name-body field-type-text-with-summary field-label-hidden\">\n<div class=\"field-items\">\n<div class=\"field-item even\">\n<h3><strong>3D-CAD &#8211; Konstruktion, Planung und Visualisierung<br \/><\/strong><\/h3>\n<p>Produkte und Projekte mit hoher Qualit\u00e4t erfordern exakte Planung und Konstruktion. Die h\u00f6chste \u00dcbereinstimmung zwischen Vorstellung und W\u00fcnschen unserer Kunden mit der tats\u00e4chlichen Realisierung lassen sich nur durch wirklichkeitsnahe Darstellung und Visualisierung in der Entwurfs- und Planungsphase erzielen. Deshalb setzen wir seit Beginn 2D-CAD und seit 2003 3D-CAD im Unternehmen ein.<\/p>\n<h4><strong>Unsere Leistungen<\/strong><\/h4>\n<ul>\n<li>Entwurf und Konzept mit 3D-CAD-Software oder von Hand<\/li>\n<li>Konstruktion von Bauteilen, Baugruppen, Erzeugnissen und Anlagen mit 3D-CAD<\/li>\n<li>Planung mit 3D-CAD und 2D-CAD<\/li>\n<li>Rendering und Visualisierung<\/li>\n<\/ul>\n<p><a href=\"https:\/\/sattler3d.com\/index.php\/3dcad\/3d-cad-konstruktion-planung\/\">Mehr erfahren<\/a><\/p>\n<div class=\"entry-content\">\n<div class=\"entry-content\">\u00a0<\/div>\n<\/div>\n<h3 class=\"title\"><strong>3D-CAD Software : Beratung und Training<br \/><\/strong><\/h3>\n<p>Die gewonnenen Erfahrungen auf diesem Gebiet\u00a0 geben wir gerne weiter und bieten unseren Kunden den entsprechenden Service an.<\/p>\n<p><a href=\"https:\/\/sattler3d.com\/index.php\/3dcad\/cad-training\/\">Mehr erfahren<\/a><\/p>\n<h3><strong>3D-CAD-Modelle<\/strong><\/h3>\n<p>Sie suchen nach 3D-CAD-Modellen f\u00fcr 3D-Druck, 3D-CAD-Planung oder Visualisierung? Wir bieten fertige 3D-CAD-Modelle oder modellieren nach Ihren W\u00fcnschen:<\/p>\n<div class=\"region region-content\">\n<div id=\"block-system-main\" class=\"block block-system\">\n<div class=\"content\">\n<div id=\"node-22\" class=\"node node-page clearfix\">\n<div class=\"content\">\n<div class=\"field field-name-body field-type-text-with-summary field-label-hidden\">\n<p>Wir bieten 3D-CAD-Modelle f\u00fcr die Vereinfachung der CAD-Arbeit, der Planungst\u00e4tigkeit, zur Erg\u00e4nzung der Visualisierung, f\u00fcr die Illustration und f\u00fcr kreative Freizeitgestaltung.<\/p>\n<ul>\n<li>Norm- und Zulieferteile<\/li>\n<li>Systemelemente<\/li>\n<li>Architektur<\/li>\n<li>M\u00f6bel<\/li>\n<li>Illustration, Werbung und Entertainment<\/li>\n<\/ul>\n<p><a href=\"https:\/\/sattler3d.com\/index.php\/3dcad\/3d-modelle\/\">Mehr erfahren<\/a><\/p>\n<\/div>\n<\/div>\n<\/div>\n<\/div>\n<\/div>\n<\/div>\n<\/div>\n<\/div>\n<\/div>\n<\/div>\n<\/div>\n<\/div>\n<\/div>\n<\/div>\n\n\n<h3 class=\"wp-block-heading\">3D-Scanning<\/h3>\n\n\n\n<p>Wir scannen 3D-Objekte mit EinScan-SP V2 von SHINING 3D.<\/p>\n\n\n\n<p>Objektgr\u00f6\u00dfeund Eigenschaften:<\/p>\n\n\n\n<ul class=\"wp-block-list\"><li>Minimum: 30mm x 30mm x 30mm<\/li><li>Maximum: 250mm x 250 mm x 250mm und &lt;5kg<\/li><li>Maximum Scan ohne Drehteller: 700mm x 700mm x 700mm (mit Markern)<\/li><li>Keine gl\u00e4nzenden oder durchsichtige Oberfl\u00e4chen<\/li><li>Keine schwarzen Texte oder gl\u00e4nzenden Aufdrucke<\/li><\/ul>\n","protected":false},"excerpt":{"rendered":"<p>3D-CAD &#8211; Konstruktion, Planung und Visualisierung Produkte und Projekte mit hoher Qualit\u00e4t erfordern exakte Planung und Konstruktion. Die h\u00f6chste \u00dcbereinstimmung zwischen Vorstellung und W\u00fcnschen unserer Kunden mit der tats\u00e4chlichen Realisierung lassen sich nur durch wirklichkeitsnahe Darstellung und Visualisierung in der Entwurfs- und Planungsphase erzielen. Deshalb setzen wir seit Beginn 2D-CAD und seit 2003 3D-CAD im &#8230;<\/p>\n","protected":false},"author":2,"featured_media":0,"parent":0,"menu_order":-39,"comment_status":"closed","ping_status":"closed","template":"","meta":{"footnotes":""},"class_list":["post-19","page","type-page","status-publish","hentry"],"_links":{"self":[{"href":"https:\/\/sattler3d.com\/index.php\/wp-json\/wp\/v2\/pages\/19","targetHints":{"allow":["GET"]}}],"collection":[{"href":"https:\/\/sattler3d.com\/index.php\/wp-json\/wp\/v2\/pages"}],"about":[{"href":"https:\/\/sattler3d.com\/index.php\/wp-json\/wp\/v2\/types\/page"}],"author":[{"embeddable":true,"href":"https:\/\/sattler3d.com\/index.php\/wp-json\/wp\/v2\/users\/2"}],"replies":[{"embeddable":true,"href":"https:\/\/sattler3d.com\/index.php\/wp-json\/wp\/v2\/comments?post=19"}],"version-history":[{"count":46,"href":"https:\/\/sattler3d.com\/index.php\/wp-json\/wp\/v2\/pages\/19\/revisions"}],"predecessor-version":[{"id":1242,"href":"https:\/\/sattler3d.com\/index.php\/wp-json\/wp\/v2\/pages\/19\/revisions\/1242"}],"wp:attachment":[{"href":"https:\/\/sattler3d.com\/index.php\/wp-json\/wp\/v2\/media?parent=19"}],"curies":[{"name":"wp","href":"https:\/\/api.w.org\/{rel}","templated":true}]}}