{"id":205,"date":"2016-06-06T14:46:05","date_gmt":"2016-06-06T12:46:05","guid":{"rendered":"http:\/\/sattler-media.com\/?page_id=205"},"modified":"2023-03-09T11:05:48","modified_gmt":"2023-03-09T10:05:48","slug":"impressum","status":"publish","type":"page","link":"https:\/\/sattler3d.com\/index.php\/home\/impressum\/","title":{"rendered":"IMPRESSUM"},"content":{"rendered":"<div class=\"content\">\n<div class=\"field field-name-body field-type-text-with-summary field-label-hidden\">\n<div class=\"field-items\">\n<div class=\"field-item even\">\n<h1>Impressum<\/h1>\n<p>SATTLER 3D Dipl.-Ing. Frank Sattler<br \/>Schwerborner Stra\u00dfe 6c D-99087 Erfurt<br \/>Tel: +49 (0)361 2168230<br \/>e-mail: mail(at)sattler3d.com<br \/>USt.-IdNR.: DE173365956<br \/>Homepagebetreiber: Frank Sattler<\/p>\n<h4>Rechtlicher Hinweis<\/h4>\n<p>Der Inhalt unserer Seiten wird mit gr\u00f6sster Sorgfalt erarbeitet bzw. zusammengestellt. F\u00fcr eventuelle Fehler in den Inhalten, oder aus deren Gebrauch resultierenden Folgesch\u00e4den \u00fcbernehmen wir keinerlei Haftung oder juristische Verantwortung. F\u00fcr alle Links, die von den Seiten\u00a0 &#8222;SATTLER-3D.com&#8220; und &#8222;SATTLER-3D.de&#8220; zu anderen Seiten f\u00fchren gilt: F\u00fcr die Gestaltung und die Inhalte dieser gelinkten fremden Seiten sind ausschliesslich deren Betreiber verantwortlich. Das Copyright aller ver\u00f6ffentlichten Bilder und Animationen liegt bei den jeweiligen Erstellern\/ Fotografen.<\/p>\n<p>Letzte Aktualisierung: M\u00e4rz 2023<\/p>\n<\/div>\n<\/div>\n<\/div>\n<\/div>\n\n\n<p><\/p>\n","protected":false},"excerpt":{"rendered":"<p>Impressum SATTLER 3D Dipl.-Ing. Frank SattlerSchwerborner Stra\u00dfe 6c D-99087 ErfurtTel: +49 (0)361 2168230e-mail: mail(at)sattler3d.comUSt.-IdNR.: DE173365956Homepagebetreiber: Frank Sattler Rechtlicher Hinweis Der Inhalt unserer Seiten wird mit gr\u00f6sster Sorgfalt erarbeitet bzw. zusammengestellt. F\u00fcr eventuelle Fehler in den Inhalten, oder aus deren Gebrauch resultierenden Folgesch\u00e4den \u00fcbernehmen wir keinerlei Haftung oder juristische Verantwortung. F\u00fcr alle Links, die von den &#8230;<\/p>\n","protected":false},"author":2,"featured_media":0,"parent":919,"menu_order":39,"comment_status":"closed","ping_status":"closed","template":"","meta":{"footnotes":""},"class_list":["post-205","page","type-page","status-publish","hentry"],"_links":{"self":[{"href":"https:\/\/sattler3d.com\/index.php\/wp-json\/wp\/v2\/pages\/205","targetHints":{"allow":["GET"]}}],"collection":[{"href":"https:\/\/sattler3d.com\/index.php\/wp-json\/wp\/v2\/pages"}],"about":[{"href":"https:\/\/sattler3d.com\/index.php\/wp-json\/wp\/v2\/types\/page"}],"author":[{"embeddable":true,"href":"https:\/\/sattler3d.com\/index.php\/wp-json\/wp\/v2\/users\/2"}],"replies":[{"embeddable":true,"href":"https:\/\/sattler3d.com\/index.php\/wp-json\/wp\/v2\/comments?post=205"}],"version-history":[{"count":6,"href":"https:\/\/sattler3d.com\/index.php\/wp-json\/wp\/v2\/pages\/205\/revisions"}],"predecessor-version":[{"id":1146,"href":"https:\/\/sattler3d.com\/index.php\/wp-json\/wp\/v2\/pages\/205\/revisions\/1146"}],"up":[{"embeddable":true,"href":"https:\/\/sattler3d.com\/index.php\/wp-json\/wp\/v2\/pages\/919"}],"wp:attachment":[{"href":"https:\/\/sattler3d.com\/index.php\/wp-json\/wp\/v2\/media?parent=205"}],"curies":[{"name":"wp","href":"https:\/\/api.w.org\/{rel}","templated":true}]}}