{"id":244,"date":"2016-06-06T19:06:16","date_gmt":"2016-06-06T17:06:16","guid":{"rendered":"http:\/\/sattler-media.com\/?page_id=244"},"modified":"2025-10-29T10:17:57","modified_gmt":"2025-10-29T09:17:57","slug":"medientechnik","status":"publish","type":"page","link":"https:\/\/sattler3d.com\/index.php\/service\/medientechnik\/","title":{"rendered":"MEDIENTECHNIK"},"content":{"rendered":"<h2 id=\"page-title\" class=\"title\">Medientechnik<\/h2>\n<div class=\"region region-content\">\n<div id=\"block-system-main\" class=\"block block-system\">\n<div class=\"content\">\n<div id=\"node-82\" class=\"node node-page clearfix\">\n<div class=\"content\">\n<div class=\"field field-name-body field-type-text-with-summary field-label-hidden\">\n<div class=\"field-items\">\n<div class=\"field-item even\">\n<p>Seit 2002 bieten wir Medientechnik zur Miete oder zum Kauf an.<\/p>\n<p>Einsatzbereiche:<\/p>\n<ul>\n<li>Pr\u00e4sentation f\u00fcr Messe, Ausstellung, Event und Konferenz<\/li>\n<li>Digital Signage (Digitale Informationssysteme)<\/li>\n<li>Ausstattung von Konferenzr\u00e4umen und Hotel-TV<\/li>\n<\/ul>\n<h4><strong>Pr\u00e4sentationstechnik <\/strong><\/h4>\n<p><strong>(Miete und Kauf)<\/strong><\/p>\n<ul>\n<li>Projektoren\n<p><figure id=\"attachment_245\" aria-describedby=\"caption-attachment-245\" style=\"width: 300px\" class=\"wp-caption alignright\"><img loading=\"lazy\" decoding=\"async\" class=\"size-medium wp-image-245\" src=\"http:\/\/sattler3d.com\/wp-content\/uploads\/2016\/06\/EikiWUL100_1-300x210.jpg\" alt=\"EikiWUL100\" width=\"300\" height=\"210\" srcset=\"https:\/\/sattler3d.com\/wp-content\/uploads\/2016\/06\/EikiWUL100_1-300x210.jpg 300w, https:\/\/sattler3d.com\/wp-content\/uploads\/2016\/06\/EikiWUL100_1-768x538.jpg 768w, https:\/\/sattler3d.com\/wp-content\/uploads\/2016\/06\/EikiWUL100_1.jpg 899w\" sizes=\"auto, (max-width: 300px) 100vw, 300px\" \/><figcaption id=\"caption-attachment-245\" class=\"wp-caption-text\">EIKI WUL 100 FullHD-Projektor<\/figcaption><\/figure><\/li>\n<li>Projektionsfl\u00e4chen, Projektionssysteme<\/li>\n<li>Flachbildschirme<\/li>\n<li>Digital Signage &#8211; Digitale Informationssysteme bieten die M\u00f6glichkeit, Information, Werbung, Unterhaltung und interaktive Inhalte zu pr\u00e4sentieren. Ob Wegeleitsystem, Werbefilm, Terminplan, Veranstaltungshinweise, Produktinformationen oder Speiseplan &#8211; die verschiedensten Informationen k\u00f6nnen angezeigt und auch interaktiv mittels Touchscreen oder Sprachsteuerung abgefragt werden<\/li>\n<li>Hotel-TV\u00a0 (Hotels, Kliniken oder Pflegeeinrichtungen &#8211; L\u00f6sungen f\u00fcr Unterhaltung, Werbung und Information)<\/li>\n<\/ul>\n<h4><strong>Audiotechnik <\/strong><\/h4>\n<p><strong>(Miete)<\/strong><\/p>\n<div>\n<div>\n<div>\n<div>\n<div>\n<div>\n<div>\n<div>\n<ul>\n<li>Verst\u00e4rker<\/li>\n<li>Mischpulte, Powermixer<\/li>\n<li>Lautsprecherboxen<\/li>\n<li>Mikrofone, drahtlos \/ Kabel<\/li>\n<li>Stative, Racks<\/li>\n<li>Player<\/li>\n<\/ul>\n<\/div>\n<\/div>\n<\/div>\n<\/div>\n<\/div>\n<\/div>\n<\/div>\n<\/div>\n<h4><strong>Kabel und Adapter<\/strong><\/h4>\n<p><strong> (Miete und Kauf)<\/strong><\/p>\n<div>\n<div>\n<div>\n<div>\n<div>\n<div>\n<div>\n<div>\n<p>Sie ben\u00f6tigen nur f\u00fcr kurze Zeit \/ kurzfristig ein spezielles Kabel ? Sie ben\u00f6tigen einen speziellen Adapter\u00a0 z.B. Mini DisplayPort (Mac) auf HDMI. Wir k\u00f6nnen helfen.<\/p>\n<ul>\n<li>Daten (z.B. USB, Netzwerk etc.)<\/li>\n<li>Video<\/li>\n<li>Audio<\/li>\n<li>Niederspannung, Mittelspannung<\/li>\n<\/ul>\n<\/div>\n<\/div>\n<\/div>\n<\/div>\n<\/div>\n<\/div>\n<\/div>\n<\/div>\n<h4><strong>Mediam\u00f6bel und St\u00e4nder<\/strong><\/h4>\n<p><strong> (Miete und Kauf)<\/strong><\/p>\n<ul>\n<li>Mediacases<\/li>\n<li>Bodenst\u00e4nder<\/li>\n<li>Liftsysteme<\/li>\n<\/ul>\n<h4><strong>Unsere Leistungen<\/strong><\/h4>\n<ul>\n<li>Beratung und Konzept<\/li>\n<li>Planung<\/li>\n<li>Verkauf oder Vermietung<\/li>\n<li>Montage und Installation<\/li>\n<li>Betreuung und Wartung<\/li>\n<li>Verkauf von Zubeh\u00f6r<\/li>\n<li>Herstellung spezieller Halterungen etc.<\/li>\n<li>Erstellung digitaler Inhalte<\/li>\n<\/ul>\n<\/div>\n<\/div>\n<\/div>\n<\/div>\n<\/div>\n<\/div>\n<\/div>\n<\/div>\n","protected":false},"excerpt":{"rendered":"<p>Medientechnik Seit 2002 bieten wir Medientechnik zur Miete oder zum Kauf an. Einsatzbereiche: Pr\u00e4sentation f\u00fcr Messe, Ausstellung, Event und Konferenz Digital Signage (Digitale Informationssysteme) Ausstattung von Konferenzr\u00e4umen und Hotel-TV Pr\u00e4sentationstechnik (Miete und Kauf) Projektoren Projektionsfl\u00e4chen, Projektionssysteme Flachbildschirme Digital Signage &#8211; Digitale Informationssysteme bieten die M\u00f6glichkeit, Information, Werbung, Unterhaltung und interaktive Inhalte zu pr\u00e4sentieren. Ob Wegeleitsystem, &#8230;<\/p>\n","protected":false},"author":2,"featured_media":0,"parent":31,"menu_order":17,"comment_status":"closed","ping_status":"closed","template":"","meta":{"footnotes":""},"class_list":["post-244","page","type-page","status-publish","hentry"],"_links":{"self":[{"href":"https:\/\/sattler3d.com\/index.php\/wp-json\/wp\/v2\/pages\/244","targetHints":{"allow":["GET"]}}],"collection":[{"href":"https:\/\/sattler3d.com\/index.php\/wp-json\/wp\/v2\/pages"}],"about":[{"href":"https:\/\/sattler3d.com\/index.php\/wp-json\/wp\/v2\/types\/page"}],"author":[{"embeddable":true,"href":"https:\/\/sattler3d.com\/index.php\/wp-json\/wp\/v2\/users\/2"}],"replies":[{"embeddable":true,"href":"https:\/\/sattler3d.com\/index.php\/wp-json\/wp\/v2\/comments?post=244"}],"version-history":[{"count":6,"href":"https:\/\/sattler3d.com\/index.php\/wp-json\/wp\/v2\/pages\/244\/revisions"}],"predecessor-version":[{"id":1377,"href":"https:\/\/sattler3d.com\/index.php\/wp-json\/wp\/v2\/pages\/244\/revisions\/1377"}],"up":[{"embeddable":true,"href":"https:\/\/sattler3d.com\/index.php\/wp-json\/wp\/v2\/pages\/31"}],"wp:attachment":[{"href":"https:\/\/sattler3d.com\/index.php\/wp-json\/wp\/v2\/media?parent=244"}],"curies":[{"name":"wp","href":"https:\/\/api.w.org\/{rel}","templated":true}]}}