{"id":292,"date":"2016-06-07T15:39:24","date_gmt":"2016-06-07T13:39:24","guid":{"rendered":"http:\/\/sattler-media.com\/?page_id=292"},"modified":"2023-03-09T11:28:19","modified_gmt":"2023-03-09T10:28:19","slug":"sonderanfertigungen","status":"publish","type":"page","link":"https:\/\/sattler3d.com\/index.php\/sonderanfertigungen\/","title":{"rendered":"EINZEL+ SONDERFERTIGUNG"},"content":{"rendered":"<div class=\"region region-content\">\n<div id=\"block-system-main\" class=\"block block-system\">\n<div class=\"content\">\n<div id=\"node-32\" class=\"node node-page clearfix\">\n<div class=\"content\">\n<div class=\"field field-name-body field-type-text-with-summary field-label-hidden\">\n<div class=\"field-items\">\n<div class=\"field-item even\">\n<h5><strong>Einzelfertigung und Vorrichtungen<\/strong><\/h5>\n<ul>\n<li>Halterungen<\/li>\n<li>Verkleidungen<\/li>\n<li>Vorrichtungen<\/li>\n<li>Gestelle<\/li>\n<li>Trennw\u00e4nde<\/li>\n<li>Schutzhauben und Kabinen<\/li>\n<\/ul>\n<\/div>\n<\/div>\n<div class=\"region region-content\">\n<div id=\"block-system-main\" class=\"block block-system\">\n<div class=\"content\">\n<div id=\"node-29\" class=\"node node-page clearfix\">\n<div class=\"content\">\n<div class=\"field field-name-body field-type-text-with-summary field-label-hidden\">\n<div class=\"field-items\">\n<div class=\"field-item even\">\n<h5><strong>Aluminiumprofil-Systeme<\/strong><\/h5>\n<p>Folgende Systeme verarbeiten wir in unseren Werkst\u00e4tten:<\/p>\n<ul>\n<li>Konstruktionsprofile f\u00fcr mittlere bis schwere Konstruktionen<\/li>\n<li>Profile aus dem R8 System von MERO-TSK und von SODEM f\u00fcr Ausstellungstechnik, Vitrinen und Sonderm\u00f6bel<\/li>\n<li>Profile von Penn Elcom f\u00fcr Ger\u00e4tekoffer, Flight Cases<\/li>\n<\/ul>\n<p>Zubeh\u00f6rteile und Profile als Fixl\u00e4ngen aus diesen Sortimenten k\u00f6nnen Sie ebenfalls bei uns kaufen und selbst montieren.<\/p>\n<h5><strong>Systeme f\u00fcr Messen, Ausstellungen und Veranstaltungen<\/strong><\/h5>\n<div>\n<div>\n<div>\n<div>\n<div>\n<div>\n<div>\n<div>\n<ul>\n<li>meroform M12 System (Stahl verchromt) &#8211; Stab-Knoten-System<\/li>\n<li>meroform M12 System Gittertr\u00e4ger (Stahl verchromt) &#8211; Traversen<\/li>\n<li>meroform R8 System (Aluminium silber eloxiert) &#8211; St\u00fctzen-Zargen-System<\/li>\n<li>SCENARIO (wei\u00df) &#8211; Plattenstecksystem<\/li>\n<\/ul>\n<p>Diese Systeme k\u00f6nnen Sie bei uns mieten oder kaufen. Au\u00dferdem bieten wir den kompletten Service f\u00fcr Messe, Ausstellung und Event. Mehr Informationen dazu finden Sie unter <a href=\"http:\/\/sattler3d.com\/index.php\/service\/service-fuer-messe-und-event\/\">Service<\/a><\/p>\n<h5><strong>Zubeh\u00f6r und Sonderteile<\/strong><\/h5>\n<p>F\u00fcr die von uns angebotenen Systeme bieten wir Zubeh\u00f6r und Teile, die wir selbst entwickelt haben und die wir selbst herstellen.<\/p>\n<\/div>\n<\/div>\n<\/div>\n<\/div>\n<\/div>\n<\/div>\n<\/div>\n<\/div>\n<\/div>\n<\/div>\n<\/div>\n<\/div>\n<\/div>\n<\/div>\n<\/div>\n<\/div>\n<\/div>\n<\/div>\n<\/div>\n<\/div>\n<\/div>\n<\/div>\n","protected":false},"excerpt":{"rendered":"<p>Einzelfertigung und Vorrichtungen Halterungen Verkleidungen Vorrichtungen Gestelle Trennw\u00e4nde Schutzhauben und Kabinen Aluminiumprofil-Systeme Folgende Systeme verarbeiten wir in unseren Werkst\u00e4tten: Konstruktionsprofile f\u00fcr mittlere bis schwere Konstruktionen Profile aus dem R8 System von MERO-TSK und von SODEM f\u00fcr Ausstellungstechnik, Vitrinen und Sonderm\u00f6bel Profile von Penn Elcom f\u00fcr Ger\u00e4tekoffer, Flight Cases Zubeh\u00f6rteile und Profile als Fixl\u00e4ngen aus diesen &#8230;<\/p>\n","protected":false},"author":2,"featured_media":0,"parent":0,"menu_order":-18,"comment_status":"closed","ping_status":"closed","template":"","meta":{"footnotes":""},"class_list":["post-292","page","type-page","status-publish","hentry"],"_links":{"self":[{"href":"https:\/\/sattler3d.com\/index.php\/wp-json\/wp\/v2\/pages\/292","targetHints":{"allow":["GET"]}}],"collection":[{"href":"https:\/\/sattler3d.com\/index.php\/wp-json\/wp\/v2\/pages"}],"about":[{"href":"https:\/\/sattler3d.com\/index.php\/wp-json\/wp\/v2\/types\/page"}],"author":[{"embeddable":true,"href":"https:\/\/sattler3d.com\/index.php\/wp-json\/wp\/v2\/users\/2"}],"replies":[{"embeddable":true,"href":"https:\/\/sattler3d.com\/index.php\/wp-json\/wp\/v2\/comments?post=292"}],"version-history":[{"count":20,"href":"https:\/\/sattler3d.com\/index.php\/wp-json\/wp\/v2\/pages\/292\/revisions"}],"predecessor-version":[{"id":1152,"href":"https:\/\/sattler3d.com\/index.php\/wp-json\/wp\/v2\/pages\/292\/revisions\/1152"}],"wp:attachment":[{"href":"https:\/\/sattler3d.com\/index.php\/wp-json\/wp\/v2\/media?parent=292"}],"curies":[{"name":"wp","href":"https:\/\/api.w.org\/{rel}","templated":true}]}}