{"id":559,"date":"2018-08-08T14:51:44","date_gmt":"2018-08-08T12:51:44","guid":{"rendered":"http:\/\/sattler-media.com\/?page_id=559"},"modified":"2026-03-27T12:36:03","modified_gmt":"2026-03-27T11:36:03","slug":"3d-druck","status":"publish","type":"page","link":"https:\/\/sattler3d.com\/index.php\/3d-druck\/","title":{"rendered":"3D-DRUCK"},"content":{"rendered":"\n<h4 class=\"wp-block-heading\">Unsere 3D-Drucker<\/h4>\n\n\n\n<p>Wir haben fogende 3D-Drucker im Einsatz:<\/p>\n\n\n\n<ul class=\"wp-block-list\">\n<li>Zortrax M200<\/li>\n\n\n\n<li>Zortrax M200 Plus (3 St\u00fcck)<\/li>\n\n\n\n<li>Zortrax M300 Plus<\/li>\n\n\n\n<li>Zortrax M300 Dual<\/li>\n\n\n\n<li>BambuLab P1S Combo<\/li>\n\n\n\n<li>BambuLab H2D Combo<\/li>\n\n\n\n<li>POETRY Infinity<\/li>\n<\/ul>\n\n\n\n<div class=\"entry-content\">\n<h3>Unsere Leistung<\/h3>\n<p>Mit unseren 3D-Druckern erstellen wir im FDM-Verfahren:<\/p>\n<ul>\n<li>Einzelteile<\/li>\n<li>Prototypen und Musterteile<\/li>\n<li>Modelle<\/li>\n<li>Ersatzteile<\/li>\n<li>Verkleidungen \/ Abdeckungen<\/li>\n<li>Vorrichtungsteile<\/li>\n<li>Halterungen f\u00fcr Sensoren und Steckverbinder<\/li>\n<li>Teile f\u00fcr Versuchsaufbauten<\/li>\n<li>Teile f\u00fcr Werkst\u00fccktr\u00e4ger z.B. \u201eNester\u201c<\/li>\n<li>Greiferfinger<\/li>\n<li>Greifhilfen \/ Positionierhilfen<\/li>\n<\/ul>\n<p>und weitere Teile auf Anfrage<\/p>\n<figure id=\"attachment_600\" class=\"wp-caption alignnone\" aria-describedby=\"caption-attachment-600\"><\/figure><\/div>\n\n\n<div class=\"wp-block-image wp-image-600 size-medium\">\n<figure class=\"alignleft\"><img loading=\"lazy\" decoding=\"async\" width=\"300\" height=\"134\" src=\"https:\/\/sattler3d.com\/wp-content\/uploads\/2018\/08\/REISSbrett-300x134.jpg\" alt=\"Ersatzteil f\u00fcr REISSbrett EXAKT 2 - links defektes Teil, rechts gedrucktes Ersatzteil\" class=\"wp-image-600\" srcset=\"https:\/\/sattler3d.com\/wp-content\/uploads\/2018\/08\/REISSbrett-300x134.jpg 300w, https:\/\/sattler3d.com\/wp-content\/uploads\/2018\/08\/REISSbrett-768x343.jpg 768w, https:\/\/sattler3d.com\/wp-content\/uploads\/2018\/08\/REISSbrett-1024x458.jpg 1024w, https:\/\/sattler3d.com\/wp-content\/uploads\/2018\/08\/REISSbrett.jpg 1025w\" sizes=\"auto, (max-width: 300px) 100vw, 300px\" \/><figcaption class=\"wp-element-caption\">Ersatzteil f\u00fcr REISSbrett EXAKT 2 \u2013 links defektes Teil, rechts gedrucktes Ersatzteil<\/figcaption><\/figure>\n<\/div>\n\n\n<h4 class=\"wp-block-heading\">&nbsp;<\/h4>\n\n\n\n<h4 class=\"wp-block-heading\">Was ist m\u00f6glich?<\/h4>\n\n\n\n<ul class=\"wp-block-list\">\n<li>Kunststoffteile bis 100\u00b0C thermisch belastbar<\/li>\n\n\n\n<li>Maximale Gr\u00f6\u00dfe B x T x H: 280 mm x 280 mm x 280 mm<\/li>\n\n\n\n<li>verschiedene Farben<\/li>\n<\/ul>\n\n\n\n<h4 class=\"wp-block-heading\">Was geht nicht?<\/h4>\n\n\n\n<ul class=\"wp-block-list\">\n<li>mechanisch stark beanspruchte Teile<\/li>\n\n\n\n<li>Teile, die in l\u00f6sungsmittelhaltiger, \u00f6liger oder s\u00e4urehaltiger Umgebung zum Einsatz kommen sollen<\/li>\n\n\n\n<li>Teile, die \u00fcber l\u00e4ngeren Zeitraum (mehr als 5 Jahre) unter direkter Sonneneinstrahlung verwendet werden sollen (UV-Strahlung)<\/li>\n\n\n\n<li>Teile gr\u00f6\u00dfer B x T x H: 320 mm x 300 mm x 320 mm. Gr\u00f6\u00dfere Teile sind m\u00f6glich, wenn sich das Teil aus kleineren Einzelteilen zusammen setzen l\u00e4\u00dft.<\/li>\n<\/ul>\n\n\n\n<h4 class=\"wp-block-heading\">Was ben\u00f6tigen wir von Ihnen?<\/h4>\n\n\n\n<ul class=\"wp-block-list\">\n<li>3D-CAD-Daten (z.B. STEP)<\/li>\n\n\n\n<li>Orginalteil, auch defekt<\/li>\n\n\n\n<li>Teil, zu dem das neu zu druckende Teil passen sollen, evtl. Abdruck<\/li>\n\n\n\n<li>Zeichnung \/ Skizze mit allen Ma\u00dfen<\/li>\n\n\n\n<li>Fotos<\/li>\n<\/ul>\n\n\n\n<h4 class=\"wp-block-heading\">Nicht sicher was geht oder nicht geht ?<\/h4>\n\n\n\n<p>Nehmen Sie <a href=\"https:\/\/sattler3d.com\/index.php\/unternehmen\/kontakt\/\">Kontakt<\/a> mit uns auf!<\/p>\n\n\n\n<p><a href=\"https:\/\/sattler3d.com\/index.php\/3d-druck\/3d-druck-einzelteile\/\">3D-Druck Einzelteile<\/a><\/p>\n\n\n\n<p><a href=\"https:\/\/sattler3d.com\/index.php\/3d-druck\/3d-druck-ersatzteile\/\">3D-Druck Ersatzteile<\/a><\/p>\n\n\n\n<p><a href=\"https:\/\/sattler3d.com\/index.php\/3d-druck\/3d-druck-design-kunst\/\">3D-Druck Design + Kunst<\/a><\/p>\n\n\n\n<p><a href=\"https:\/\/sattler3d.com\/index.php\/3d-druck\/zubehoer-3d-druck\/\">Zubeh\u00f6r 3D-Druck<\/a><\/p>\n\n\n\n<p><strong>Technische Daten ZORTRAX M200 \/ M200 Plus<\/strong><br>Technologie: FFF (FDM)<br>Druckvolumen: 200\u00d7200\u00d7180 mm<br>Schichtdicke (min.): 90 mikron (0,09 mm)<br>Extrusionstemperatur (max.): 290 \u00b0C (empfohlen nur f\u00fcr kurze Zeitr\u00e4ume)<br>Temperatur Bauplattform (max.): 105 \u00b0C<br>Filamentdurchmesser: 1,75 mm<br>Kompatible Filamente: ABS, PLA, PETG, Z-ULTRAT , ZORTRAX Filamente und viele andere<br>Daten\u00fcbergabe: SD card \/ USB-Stick \/ WiFi<\/p>\n\n\n\n<p><strong>Technische Daten ZORTRAX M300 Plus<\/strong><br>Technologie: FFF (FDM)<br>Druckvolumen: 300\u00d7300\u00d7300 mm<br>Schichtdicke (min.): 150 bis 200 mikron (0,15 bis 0,20 mm)<br>Extrusionstemperatur (max.): 290 \u00b0C <br>Temperatur Bauplattform (max.): 105 \u00b0C<br>Filamentdurchmesser: 1,75 mm<br>Kompatible Filamente: ABS, PLA, PETG, Z-ULTRAT , ZORTRAX Filamente und viele andere<br>Daten\u00fcbergabe: USB-Stick \/ WiFi <\/p>\n\n\n\n<p><strong>Technische Daten ZORTRAX M300 Dual<\/strong><br>Technologie: FFF (FDM)<br>Druckvolumen: 256\u00d7256\u00d7256 mm<br>Schichtdicke (min.): 150 bis 200 mikron (0,15 bis 0,20 mm)<br>Extrusionstemperatur (max.): 300 \u00b0C <br>Temperatur Bauplattform (max.): 100 \u00b0C<br>Filamentdurchmesser: 1,75 mm<br>Kompatible Filamente: ABS, PLA, PETG, Z-ULTRAT , ZORTRAX Filamente und viele andere<br>Daten\u00fcbergabe: USB-Stick \/ WiFi<\/p>\n\n\n\n<p><strong>Technische Daten BambuLab P1S Combo<\/strong><br>Technologie: FFF (FDM)<br>Druckvolumen: 265\u00d7265\u00d7300 mm<br>Extrusionstemperatur (max.): 310 \u00b0C <br>Temperatur Bauplattform (max.): 105 \u00b0C<br>Filamentdurchmesser: 1,75 mm<br>Kompatible Filamente: PLA, PETG, ASA, TPU <br>Daten\u00fcbergabe: microSD-Card \/ WiFi<\/p>\n\n\n\n<p><strong>Technische Daten BambuLab H3D Combo<\/strong><br>Technologie: FFF (FDM)<br>Druckvolumen: 350 x 320 x 325 mm <br>Extrusionstemperatur (max.): 350 \u00b0C<\/p>\n\n\n\n<p>Temperatur Bauraum (max.): 65 \u00b0C <br>Temperatur Bauplattform (max.): 120 \u00b0C<br>Filamentdurchmesser: 1,75 mm<br>Kompatible Filamente: PLA, PETG, ASA, TPU etc.<br>Daten\u00fcbergabe: USB-Stick \/ WiFi<\/p>\n\n\n\n<p><strong>Technische Daten POETRY<\/strong><br>Technologie: FDM<\/p>\n\n\n\n<p>Druckvolumen: 250\u00d7250\u00d7300 mm<br>Schichtdicke (min.): 150 mikron (0,15 mm)<br>Verfahrgeschwindigkeit (max.): 1100 mm\/s<br>Druckgeschwindigkeit (max.): 400 mm\/s<\/p>\n\n\n\n<p>Beschleunigung (max.): 9000 mm\/s\u00b2<br>Extrusionstemperatur (max.): 350 \u00b0C (empfohlen nur f\u00fcr kurze Zeitr\u00e4ume)<br>Temperatur Bauplattform (max.): 110 \u00b0C<br>Filamentdurchmesser: 1,75 mm<br>Kompatible Filamente: ABS, PLA, PETG, Poetry Filamente<br>Daten\u00fcbergabe: SD card<\/p>\n\n\n\n<div class=\"wp-block-columns is-layout-flex wp-container-core-columns-is-layout-9d6595d7 wp-block-columns-is-layout-flex\">\n<div class=\"wp-block-column is-layout-flow wp-block-column-is-layout-flow\" style=\"flex-basis:100%\"><div class=\"wp-block-image\">\n<figure class=\"alignleft size-full\"><img loading=\"lazy\" decoding=\"async\" width=\"300\" height=\"400\" src=\"https:\/\/sattler3d.com\/wp-content\/uploads\/2016\/12\/03PoetryEuter1-e1649944625120.jpg\" alt=\"\" class=\"wp-image-348\"\/><figcaption class=\"wp-element-caption\">3D-Drucker POETRY INFINITY im Einsatz 20 <\/figcaption><\/figure>\n<\/div><\/div>\n<\/div>\n\n\n\n<p><\/p>\n","protected":false},"excerpt":{"rendered":"<p>Unsere 3D-Drucker Wir haben fogende 3D-Drucker im Einsatz: Unsere Leistung Mit unseren 3D-Druckern erstellen wir im FDM-Verfahren: Einzelteile Prototypen und Musterteile Modelle Ersatzteile Verkleidungen \/ Abdeckungen Vorrichtungsteile Halterungen f\u00fcr Sensoren und Steckverbinder Teile f\u00fcr Versuchsaufbauten Teile f\u00fcr Werkst\u00fccktr\u00e4ger z.B. \u201eNester\u201c Greiferfinger Greifhilfen \/ Positionierhilfen und weitere Teile auf Anfrage &nbsp; Was ist m\u00f6glich? Was geht &#8230;<\/p>\n","protected":false},"author":2,"featured_media":0,"parent":0,"menu_order":-30,"comment_status":"closed","ping_status":"closed","template":"","meta":{"footnotes":""},"class_list":["post-559","page","type-page","status-publish","hentry"],"_links":{"self":[{"href":"https:\/\/sattler3d.com\/index.php\/wp-json\/wp\/v2\/pages\/559","targetHints":{"allow":["GET"]}}],"collection":[{"href":"https:\/\/sattler3d.com\/index.php\/wp-json\/wp\/v2\/pages"}],"about":[{"href":"https:\/\/sattler3d.com\/index.php\/wp-json\/wp\/v2\/types\/page"}],"author":[{"embeddable":true,"href":"https:\/\/sattler3d.com\/index.php\/wp-json\/wp\/v2\/users\/2"}],"replies":[{"embeddable":true,"href":"https:\/\/sattler3d.com\/index.php\/wp-json\/wp\/v2\/comments?post=559"}],"version-history":[{"count":28,"href":"https:\/\/sattler3d.com\/index.php\/wp-json\/wp\/v2\/pages\/559\/revisions"}],"predecessor-version":[{"id":1384,"href":"https:\/\/sattler3d.com\/index.php\/wp-json\/wp\/v2\/pages\/559\/revisions\/1384"}],"wp:attachment":[{"href":"https:\/\/sattler3d.com\/index.php\/wp-json\/wp\/v2\/media?parent=559"}],"curies":[{"name":"wp","href":"https:\/\/api.w.org\/{rel}","templated":true}]}}