{"id":758,"date":"2021-02-26T15:04:28","date_gmt":"2021-02-26T14:04:28","guid":{"rendered":"http:\/\/sattler3d.com\/?page_id=758"},"modified":"2022-12-08T12:21:11","modified_gmt":"2022-12-08T11:21:11","slug":"edo-experience","status":"publish","type":"page","link":"https:\/\/sattler3d.com\/index.php\/anwendung\/edo-experience\/","title":{"rendered":"ROBOTIK F\u00dcR SCHULEN"},"content":{"rendered":"<figure id=\"attachment_803\" aria-describedby=\"caption-attachment-803\" style=\"width: 244px\" class=\"wp-caption alignnone\"><img loading=\"lazy\" decoding=\"async\" class=\"wp-image-803 size-medium\" src=\"https:\/\/sattler3d.com\/wp-content\/uploads\/2021\/06\/RoboDigiCamp6-244x300.jpg\" alt=\"\" width=\"244\" height=\"300\" srcset=\"https:\/\/sattler3d.com\/wp-content\/uploads\/2021\/06\/RoboDigiCamp6-244x300.jpg 244w, https:\/\/sattler3d.com\/wp-content\/uploads\/2021\/06\/RoboDigiCamp6-768x946.jpg 768w, https:\/\/sattler3d.com\/wp-content\/uploads\/2021\/06\/RoboDigiCamp6-832x1024.jpg 832w, https:\/\/sattler3d.com\/wp-content\/uploads\/2021\/06\/RoboDigiCamp6.jpg 1181w\" sizes=\"auto, (max-width: 244px) 100vw, 244px\" \/><figcaption id=\"caption-attachment-803\" class=\"wp-caption-text\">Sch\u00fcler programmieren unseren e.Do beim Robo Digi Camp Jena 2019 (Foto: Nucleus Jena)<\/figcaption><\/figure>\n<p class=\"western\" align=\"justify\">Mit dem Roboter lernen<\/p>\n<p class=\"western\" align=\"justify\"><span style=\"font-family: Arial, sans-serif;\"><span style=\"font-size: small;\">Lernen auf eine neue, interaktive und kreative Weise, unterst\u00fctzt von einem Roboter: dies ist die Idee, die hinter <\/span><\/span><strong><span style=\"font-family: Arial, sans-serif;\"><span style=\"font-size: small;\">e.DO\u2122 Experience steckt, einer ab Januar 2019 verf\u00fcgbaren didaktischen Plattform<\/span><\/span><\/strong><span style=\"font-family: Arial, sans-serif;\"><span style=\"font-size: small;\">. e.DO\u2122 Experience wurde von der Comau Academy entwickelten und nutzt den e.DO-Roboter, um unkonventionelles und motivierendes Lernen innerhalb und au\u00dferhalb des Klassenraums zu f\u00f6rdern. <\/span><\/span><\/p>\n<p class=\"western\" align=\"justify\"><strong><span style=\"font-family: Arial, sans-serif;\"><span style=\"font-size: small;\">e.DO\u2122 Experience<\/span><\/span><\/strong><span style=\"font-family: Arial, sans-serif;\"><span style=\"font-size: small;\"> ist f\u00fcr alle Altersgruppen konzipiert und steht f\u00fcr einen praxisnahen Lernansatz, der die Entwicklung von \u00fcbergreifenden Kompetenzen und die direkte Beteiligung an den Lernaktivit\u00e4ten rund um den e.DO f\u00f6rdert. <\/span><\/span><\/p>\n<p class=\"western\" align=\"justify\"><strong><span style=\"font-family: Arial, sans-serif;\"><span style=\"font-size: small;\">e.DO\u2122<\/span><\/span><\/strong><span style=\"font-family: Arial, sans-serif;\"><span style=\"font-size: small;\"> ist ein kompakter modularer, flexibler und interaktiver Open-Source-Roboter, <\/span><\/span><strong><span style=\"font-family: Arial, sans-serif;\"><span style=\"font-size: small;\">den Comau f\u00fcr didaktische Zwecke entwickelt hat<\/span><\/span><\/strong><span style=\"font-family: Arial, sans-serif;\"><span style=\"font-size: small;\">. Er f\u00f6rdert die aktive und kreative Beteiligung der Sch\u00fcler beim Lernen der MINT-F\u00e4cher (Mathematik, Informatik, Naturwissenschaft, Technik) und erm\u00f6glicht allen, die tiefer in die Welt der Robotik einsteigen wollen, auf neuartige und unterhaltsame Weise Programmierkenntnisse zu erwerben.<\/span><\/span><\/p>\n<p class=\"western\" align=\"justify\"><strong><span style=\"font-family: Arial, sans-serif;\"><span style=\"font-size: small;\">Mit e.DO Experience<\/span><\/span><\/strong> <strong><span style=\"font-family: Arial, sans-serif;\"><span style=\"font-size: small;\">will Comau ein breites Publikum ansprechen<\/span><\/span><\/strong><span style=\"font-family: Arial, sans-serif;\"><span style=\"font-size: small;\">: Lehrer, Sch\u00fcler, Manager, Fachleute, Robotik-Enthusiasten, Besucher von Ausstellungen und Museen, Kongressteilnehmer, aber auch Familien mit Kindern. Das didaktische Angebot ist sorgf\u00e4ltig auf die unterschiedlichen F\u00e4higkeitsstufen und Bed\u00fcrfnisse der Nutzer ausgerichtet. <\/span><\/span><\/p>\n<p class=\"western\" align=\"justify\"><strong><span style=\"font-family: Arial, sans-serif;\"><span style=\"font-size: small;\">Comau hat sechs <\/span><\/span><\/strong><em><span style=\"font-family: Arial, sans-serif;\"><span style=\"font-size: small;\">Experiences<\/span><\/span><\/em><strong><span style=\"font-family: Arial, sans-serif;\"><span style=\"font-size: small;\"> entwickelt:<\/span><\/span><\/strong><span style=\"font-family: Arial, sans-serif;\"><span style=\"font-size: small;\"> e.Do\u2122 Learning Center, e.Do\u2122 Learning Lab, e.DO\u2122 Robotik Licenses, e.DO\u2122 Programs, e.DO\u2122 Events und e.DO\u2122 Corner.<\/span><\/span><\/p>\n<p class=\"western\" align=\"justify\"><strong><span style=\"font-family: Arial, sans-serif;\"><span style=\"font-size: small;\">Das e.DO Learning Center<\/span><\/span><\/strong><span style=\"font-family: Arial, sans-serif;\"><span style=\"font-size: small;\"> ist eine innovative Lernumgebung, in der Grund- und Mittelsch\u00fcler mit e.DO arbeiten, um wichtige F\u00e4cher wie Physik und die MINT-F\u00e4cher auf kreative Weise zu vertiefen und in der sie die Faszination der technologischen Innovationen erfahren und Spa\u00df beim Lernen haben k\u00f6nnen.<\/span><\/span><\/p>\n<p align=\"justify\"><a href=\"https:\/\/sattler3d.com\/wp-content\/uploads\/2022\/03\/1Presentation-e.DO-Learning-CenterDE.pdf\">1Presentation e.DO Learning CenterDE<\/a><\/p>\n<p class=\"western\" align=\"justify\"><strong><span style=\"font-family: Arial, sans-serif;\"><span style=\"font-size: small;\">e.DO\u2122 Learning Lab <\/span><\/span><\/strong><span style=\"font-family: Arial, sans-serif;\"><span style=\"font-size: small;\">ist ein komplett ausgestattetes didaktisches Robotik-Labor, das daf\u00fcr konzipiert wurde, Lehrer bei der eigenst\u00e4ndigen Durchf\u00fchrung von praxisorientierten und lernmotivierenden Unterrichtseinheiten durch den Einsatz von Robotik zu unterst\u00fctzen.<\/span><\/span><\/p>\n<p align=\"justify\"><a href=\"https:\/\/sattler3d.com\/wp-content\/uploads\/2022\/03\/2Presentation-e.DO-Learning-LabDE.pdf\">2Presentation e.DO Learning LabDE<\/a><\/p>\n<p class=\"western\" align=\"justify\"><span style=\"font-family: Arial, sans-serif;\"><span style=\"font-size: small;\">F\u00fcr alle, die das Studium der Robotik weiter vertiefen wollen, wurde<\/span><\/span><strong><span style=\"font-family: Arial, sans-serif;\"><span style=\"font-size: small;\"> e.DO\u2122 Robotics Licenses entwickelt, <\/span><\/span><\/strong><span style=\"font-family: Arial, sans-serif;\"><span style=\"font-size: small;\">die in einer Reihe von Schulungen f\u00fcr industrielle Robotik und Open Robotics bestehen, nach deren erfolgreichem Abschluss ein international anerkanntes Zertifikat zur Programmierung und Nutzung von Industrierobotern oder ein Zertifikat zur Nutzung von e.DO ausgestellt wird.<\/span><\/span><\/p>\n<p class=\"western\" align=\"justify\"><strong><span style=\"font-family: Arial, sans-serif;\"><span style=\"font-size: small;\">e.DO\u2122 Programms<\/span><\/span><\/strong><span style=\"font-family: Arial, sans-serif;\"><span style=\"font-size: small;\"> sind Ausbildungsprogramme f\u00fcr Studenten, Sch\u00fcler, Jugendliche und Erwachsene, Einzelpersonen oder Business-Teams, mit einem starken Fokus auf digitalen Kompetenzen, Soft Skills und Industriekultur.<\/span><\/span><\/p>\n<p class=\"western\" align=\"justify\"><span style=\"font-family: Arial, sans-serif;\"><span style=\"font-size: small;\">Weiterhin hat Comau <\/span><\/span><strong><span style=\"font-family: Arial, sans-serif;\"><span style=\"font-size: small;\">die e.DO\u2122 Events<\/span><\/span><\/strong><span style=\"font-family: Arial, sans-serif;\"><span style=\"font-size: small;\"> und den <\/span><\/span><strong><span style=\"font-family: Arial, sans-serif;\"><span style=\"font-size: small;\">e.DO\u2122 Corner <\/span><\/span><\/strong><span style=\"font-family: Arial, sans-serif;\"><span style=\"font-size: small;\">konzipiert. Die e.DO\u2122 Events umfassen eine Reihe von <\/span><\/span><em><span style=\"font-family: Arial, sans-serif;\"><span style=\"font-size: small;\">Edutainment<\/span><\/span><\/em><span style=\"font-family: Arial, sans-serif;\"><span style=\"font-size: small;\">-Programmen, die speziell entwickelt wurden, um das Potenzial der Robotik zu vermitteln und einzusetzen. Dazu geh\u00f6ren kurze Demos, die bei Gesch\u00e4ftsmeetings, \u00f6ffentlichen oder privaten Veranstaltungen gezeigt werden. e.DO\u2122 corner ist ein Infotainment-Schaukasten mit einem voll funktionsf\u00e4higen e.DO Roboter, der in Museen, Themenparks, Messen und Robotik-Konferenzen aufgestellt werden kann. Dadurch k\u00f6nnen Besucher Robotik selbst erleben und damit experimentieren, indem sie an kurzen Vorf\u00fchrungen oder spezifischen Aktivit\u00e4ten von der Simulation \u00fcber die Montage, Programmierung und Bewegung des e.DO Roboters, teilnehmen k\u00f6nnen.<\/span><\/span><\/p>\n","protected":false},"excerpt":{"rendered":"<p>Mit dem Roboter lernen Lernen auf eine neue, interaktive und kreative Weise, unterst\u00fctzt von einem Roboter: dies ist die Idee, die hinter e.DO\u2122 Experience steckt, einer ab Januar 2019 verf\u00fcgbaren didaktischen Plattform. e.DO\u2122 Experience wurde von der Comau Academy entwickelten und nutzt den e.DO-Roboter, um unkonventionelles und motivierendes Lernen innerhalb und au\u00dferhalb des Klassenraums zu &#8230;<\/p>\n","protected":false},"author":2,"featured_media":0,"parent":651,"menu_order":5,"comment_status":"closed","ping_status":"closed","template":"","meta":{"footnotes":""},"class_list":["post-758","page","type-page","status-publish","hentry"],"_links":{"self":[{"href":"https:\/\/sattler3d.com\/index.php\/wp-json\/wp\/v2\/pages\/758","targetHints":{"allow":["GET"]}}],"collection":[{"href":"https:\/\/sattler3d.com\/index.php\/wp-json\/wp\/v2\/pages"}],"about":[{"href":"https:\/\/sattler3d.com\/index.php\/wp-json\/wp\/v2\/types\/page"}],"author":[{"embeddable":true,"href":"https:\/\/sattler3d.com\/index.php\/wp-json\/wp\/v2\/users\/2"}],"replies":[{"embeddable":true,"href":"https:\/\/sattler3d.com\/index.php\/wp-json\/wp\/v2\/comments?post=758"}],"version-history":[{"count":9,"href":"https:\/\/sattler3d.com\/index.php\/wp-json\/wp\/v2\/pages\/758\/revisions"}],"predecessor-version":[{"id":1078,"href":"https:\/\/sattler3d.com\/index.php\/wp-json\/wp\/v2\/pages\/758\/revisions\/1078"}],"up":[{"embeddable":true,"href":"https:\/\/sattler3d.com\/index.php\/wp-json\/wp\/v2\/pages\/651"}],"wp:attachment":[{"href":"https:\/\/sattler3d.com\/index.php\/wp-json\/wp\/v2\/media?parent=758"}],"curies":[{"name":"wp","href":"https:\/\/api.w.org\/{rel}","templated":true}]}}