{"id":832,"date":"2022-02-20T19:45:50","date_gmt":"2022-02-20T18:45:50","guid":{"rendered":"https:\/\/sattler3d.com\/?page_id=832"},"modified":"2023-03-09T11:29:03","modified_gmt":"2023-03-09T10:29:03","slug":"prototypenbau","status":"publish","type":"page","link":"https:\/\/sattler3d.com\/index.php\/prototypenbau\/","title":{"rendered":"PROTOTYPENBAU"},"content":{"rendered":"\n<p>Mit 3D-Druck und konventioneller Fertigung erstellen wir Prototypen f\u00fcr unsere Kunden.<\/p>\n\n\n\n<ul class=\"wp-block-list\"><li>Einzelteile<\/li><li>spanende Bearbeitung<\/li><li>Baugruppenmontage \/ Einbau in Gesamtprodukt<\/li><li>Funktionspr\u00fcfung<\/li><li>Qualit\u00e4tspr\u00fcfung<\/li><\/ul>\n\n\n\n<p><\/p>\n","protected":false},"excerpt":{"rendered":"<p>Mit 3D-Druck und konventioneller Fertigung erstellen wir Prototypen f\u00fcr unsere Kunden. Einzelteile spanende Bearbeitung Baugruppenmontage \/ Einbau in Gesamtprodukt Funktionspr\u00fcfung Qualit\u00e4tspr\u00fcfung<\/p>\n","protected":false},"author":2,"featured_media":0,"parent":0,"menu_order":-17,"comment_status":"closed","ping_status":"closed","template":"","meta":{"footnotes":""},"class_list":["post-832","page","type-page","status-publish","hentry"],"_links":{"self":[{"href":"https:\/\/sattler3d.com\/index.php\/wp-json\/wp\/v2\/pages\/832","targetHints":{"allow":["GET"]}}],"collection":[{"href":"https:\/\/sattler3d.com\/index.php\/wp-json\/wp\/v2\/pages"}],"about":[{"href":"https:\/\/sattler3d.com\/index.php\/wp-json\/wp\/v2\/types\/page"}],"author":[{"embeddable":true,"href":"https:\/\/sattler3d.com\/index.php\/wp-json\/wp\/v2\/users\/2"}],"replies":[{"embeddable":true,"href":"https:\/\/sattler3d.com\/index.php\/wp-json\/wp\/v2\/comments?post=832"}],"version-history":[{"count":2,"href":"https:\/\/sattler3d.com\/index.php\/wp-json\/wp\/v2\/pages\/832\/revisions"}],"predecessor-version":[{"id":834,"href":"https:\/\/sattler3d.com\/index.php\/wp-json\/wp\/v2\/pages\/832\/revisions\/834"}],"wp:attachment":[{"href":"https:\/\/sattler3d.com\/index.php\/wp-json\/wp\/v2\/media?parent=832"}],"curies":[{"name":"wp","href":"https:\/\/api.w.org\/{rel}","templated":true}]}}