{"id":919,"date":"2022-03-10T12:33:22","date_gmt":"2022-03-10T11:33:22","guid":{"rendered":"https:\/\/sattler3d.com\/?page_id=919"},"modified":"2025-03-12T16:06:23","modified_gmt":"2025-03-12T15:06:23","slug":"home","status":"publish","type":"page","link":"https:\/\/sattler3d.com\/","title":{"rendered":"UNTERNEHMEN"},"content":{"rendered":"\n<div class=\"wp-block-columns is-layout-flex wp-container-core-columns-is-layout-9d6595d7 wp-block-columns-is-layout-flex\">\n<div class=\"wp-block-column is-layout-flow wp-block-column-is-layout-flow\">\n<h3 class=\"wp-block-heading\"><strong>SATTLER 3D &#8211; Partner f\u00fcr Technik + Design<\/strong><\/h3>\n\n\n\n<p><strong><br><\/strong>Kreativit\u00e4t, Erfahrung und Zuverl\u00e4ssigkeit &#8211; darauf vertrauen unsere Kunden seit 1996. Unsere Leistungen werden vor allem von innovativen Unternehmen gesch\u00e4tzt, denn wir finden f\u00fcr sie individuelle L\u00f6sungen. Die Kombination unserer verschiedenen Kompetenzen erm\u00f6glicht den Komplettservice aus einer Hand.<\/p>\n\n\n\n<p> SATTLER 3D ist Partner f\u00fcr <strong>3D-Druck in Erfurt seit 2016<\/strong>. Unser 3D-Druckservice umfasst sowohl den 3D-Druck von Teilen, f\u00fcr die unsere Kunden selbst die 3D-CAD-Daten bereitstellen, als auch die Erstellung der erforderlichen 3D-CAD-Daten durch uns. Sie haben die Idee f\u00fcr ein neues Produkt und ben\u00f6tigen einen Prototypen, ein Modell oder ein Musterteil? Dann bieten wir Ihnen den Komplettservice vom 3D-CAD-Entwurf bis zum fertigen Produkt.<\/p>\n\n\n\n<figure class=\"wp-block-image size-large is-resized\"><img loading=\"lazy\" decoding=\"async\" width=\"1024\" height=\"585\" src=\"https:\/\/sattler3d.com\/wp-content\/uploads\/2024\/05\/IconsSattler3D_240507-1024x585.jpg\" alt=\"\" class=\"wp-image-1285\" style=\"width:768px;height:439px\" srcset=\"https:\/\/sattler3d.com\/wp-content\/uploads\/2024\/05\/IconsSattler3D_240507-1024x585.jpg 1024w, https:\/\/sattler3d.com\/wp-content\/uploads\/2024\/05\/IconsSattler3D_240507-300x171.jpg 300w, https:\/\/sattler3d.com\/wp-content\/uploads\/2024\/05\/IconsSattler3D_240507-768x439.jpg 768w, https:\/\/sattler3d.com\/wp-content\/uploads\/2024\/05\/IconsSattler3D_240507-1536x878.jpg 1536w, https:\/\/sattler3d.com\/wp-content\/uploads\/2024\/05\/IconsSattler3D_240507-2048x1170.jpg 2048w\" sizes=\"auto, (max-width: 1024px) 100vw, 1024px\" \/><\/figure>\n\n\n\n<p><\/p>\n\n\n\n<h5 class=\"wp-block-heading\"><strong><a href=\"https:\/\/sattler3d.com\/index.php\/3dcad\/\">3D-CAD<\/a><\/strong><\/h5>\n\n\n\n<ul class=\"wp-block-list\">\n<li><a href=\"https:\/\/sattler3d.com\/index.php\/3dcad\/3d-cad-konstruktion-planung\/\" data-type=\"page\">Konstruktion , Planung, Rendering und Visualisierung <\/a><\/li>\n\n\n\n<li><a href=\"https:\/\/sattler3d.com\/index.php\/3dcad\/cad-training\/\">3D-CAD-Software: Beratung und Training<\/a><\/li>\n\n\n\n<li><a href=\"https:\/\/sattler3d.com\/index.php\/3dcad\/3d-modelle\/\" data-type=\"URL\">3D-CAD-Modelle<\/a><\/li>\n<\/ul>\n\n\n\n<h5 class=\"wp-block-heading\"><strong><a href=\"https:\/\/sattler3d.com\/index.php\/3d-druck\/\">3D-Druck<\/a><\/strong><\/h5>\n\n\n\n<p><\/p>\n\n\n\n<ul class=\"wp-block-list\">\n<li><a href=\"https:\/\/sattler3d.com\/index.php\/3d-druck\/3d-druck-einzelteile\/\">3D-Druck von Einzelteilen und Kleiserien<\/a><\/li>\n\n\n\n<li><a href=\"https:\/\/sattler3d.com\/index.php\/3d-druck\/3d-druck-ersatzteile\/\" data-type=\"page\">3D-Druck Ersatzteile<\/a><\/li>\n\n\n\n<li><a href=\"https:\/\/sattler3d.com\/index.php\/3d-druck\/3d-druck-design-kunst\/\">3D-Druck von Design- und Kunstobjekten, Architekturmodellen und Figuren<\/a><\/li>\n\n\n\n<li><a href=\"https:\/\/sattler3d.com\/index.php\/3d-druck\/zubehoer-3d-druck\/\" data-type=\"page\">Zubeh\u00f6r und Material f\u00fcr 3D-Druck<\/a><\/li>\n<\/ul>\n\n\n\n<h5 class=\"wp-block-heading\"><strong><a href=\"https:\/\/sattler3d.com\/index.php\/leistungen\/\" data-type=\"URL\">Produktion<\/a><\/strong><\/h5>\n\n\n\n<ul class=\"wp-block-list\">\n<li><a href=\"https:\/\/sattler3d.com\/index.php\/fertigung\/sonderanfertigungen\/\">Einzel- und Sonderfertigung<\/a><\/li>\n\n\n\n<li><a href=\"https:\/\/sattler3d.com\/index.php\/fertigung\/prototypenbau\/\">Musterbau und Prototyping<\/a><\/li>\n\n\n\n<li><a href=\"https:\/\/sattler3d.com\/index.php\/leistungen\/betriebsmittelbau\/\" data-type=\"page\" data-id=\"961\">Betriebsmittelbau<\/a><\/li>\n\n\n\n<li><a href=\"https:\/\/sattler3d.com\/index.php\/fertigung\/modellbau\/\">Modellbau<\/a><\/li>\n\n\n\n<li><a href=\"https:\/\/sattler3d.com\/index.php\/fertigung\/cases-gehaeuse\/\">Cases und Geh\u00e4use<\/a><\/li>\n\n\n\n<li><a href=\"https:\/\/sattler3d.com\/index.php\/leistungen\/produkte\/\">Mobile Module<\/a><\/li>\n<\/ul>\n\n\n\n<h5 class=\"wp-block-heading\"> <a href=\"https:\/\/sattler3d.com\/index.php\/anwendung\/\" data-type=\"page\">Robotik <\/a><\/h5>\n\n\n\n<ul class=\"wp-block-list\">\n<li><a href=\"https:\/\/sattler3d.com\/index.php\/anwendung\/industrie\/\">Planung und Vorabtests<\/a><\/li>\n\n\n\n<li><a href=\"https:\/\/sattler3d.com\/index.php\/robotik\/edo-experience\/\">Robotik f\u00fcr die Ausbildung<\/a><\/li>\n\n\n\n<li><a href=\"https:\/\/sattler3d.com\/index.php\/robotik\/e-do-robot\/\">Robotik f\u00fcr Maker<\/a><\/li>\n\n\n\n<li><a href=\"https:\/\/sattler3d.com\/index.php\/robotik\/peripherie\/\">Peripherie<\/a><\/li>\n\n\n\n<li><a href=\"https:\/\/sattler3d.com\/index.php\/anwendung\/edutainment-mit-roboter\/\">Edutainment<\/a><\/li>\n<\/ul>\n\n\n\n<h5 class=\"wp-block-heading\"><strong><a href=\"https:\/\/sattler3d.com\/index.php\/service\/\">Service<\/a><\/strong><\/h5>\n\n\n\n<ul class=\"wp-block-list\">\n<li><a href=\"https:\/\/sattler3d.com\/index.php\/service\/medientechnik\/\" data-type=\"page\" data-id=\"244\">Medientechnik <\/a>wie Flachbildschirme, Projektoren, Projektionsfl\u00e4chen, Audio, auch als Miettechnik, Kabel<\/li>\n\n\n\n<li><a href=\"https:\/\/sattler3d.com\/index.php\/service\/service-fuer-messe-und-event\/\" data-type=\"page\" data-id=\"131\">Service f\u00fcr Messe, Ausstellung und Event<\/a> (von der Planung bis zur Montage \/ Demontage, Mietausstattung etc.)<\/li>\n\n\n\n<li><a href=\"https:\/\/sattler3d.com\/index.php\/service\/makerstore\/\" data-type=\"page\" data-id=\"1337\">MAKERSTORE<\/a> unser Angebot f\u00fcr Bastler und Selbermacher<\/li>\n<\/ul>\n\n\n\n<h5 class=\"wp-block-heading\"><strong>Ausstattung und Technik<\/strong><\/h5>\n\n\n\n<p>Wir verf\u00fcgen \u00fcber ein eigenes Firmengeb\u00e4ude mit \u00fcber 600 m\u00b2\u00a0 Werkst\u00e4tten, B\u00fcros und Lager in Erfurt.<\/p>\n\n\n\n<p>Zur Ausstattung geh\u00f6ren:<\/p>\n\n\n\n<ul class=\"wp-block-list\">\n<li>3D-CAD-Software<\/li>\n\n\n\n<li>Hardware f\u00fcr 3D-CAD-Anwendungen<\/li>\n\n\n\n<li>3D-Drucker von Zortrax, BambuLab und IRA-3D f\u00fcr PLA, ABS, PETG und Spezialfilamente<\/li>\n\n\n\n<li>Maschinenpark zur Holz-, Kunststoff- und Aluminium-Verarbeitung (Vertikals\u00e4ge, Kapps\u00e4gen, Fr\u00e4s- und Bohrmaschinen u.a.)<\/li>\n\n\n\n<li>6-Achs Roboter f\u00fcr Vorab-Tests, tempor\u00e4re Applikationen und zur Vermietung<\/li>\n\n\n\n<li>Miettechnik wie Licht, Elektroinstallation, Audio, Gro\u00dfbildschirme, Projektoren und Projektionssysteme<\/li>\n\n\n\n<li>Systemmaterial f\u00fcr Messe- und Ausstellungsbau, sowie Mietm\u00f6bel<\/li>\n\n\n\n<li>Transporter (3,5t und 2,7t)<\/li>\n<\/ul>\n\n\n\n<p>In unserem Hauptgeb\u00e4ude befindet sich au\u00dferdem die Werkstatt von FGS Feinmechanik, Ger\u00e4te- und Sondermaschinenbau Dr.-Ing.&nbsp; Rolf Umbreit<\/p>\n\n\n\n<p><a href=\"https:\/\/sattler3d.com\/index.php\/unternehmen\/referenzen\/\">Referenzen<\/a><\/p>\n\n\n\n<p><\/p>\n<\/div>\n<\/div>\n\n\n\n<h5 class=\"wp-block-heading\"><strong><br><\/strong><\/h5>\n","protected":false},"excerpt":{"rendered":"<p>SATTLER 3D &#8211; Partner f\u00fcr Technik + Design Kreativit\u00e4t, Erfahrung und Zuverl\u00e4ssigkeit &#8211; darauf vertrauen unsere Kunden seit 1996. Unsere Leistungen werden vor allem von innovativen Unternehmen gesch\u00e4tzt, denn wir finden f\u00fcr sie individuelle L\u00f6sungen. Die Kombination unserer verschiedenen Kompetenzen erm\u00f6glicht den Komplettservice aus einer Hand. SATTLER 3D ist Partner f\u00fcr 3D-Druck in Erfurt seit &#8230;<\/p>\n","protected":false},"author":2,"featured_media":0,"parent":0,"menu_order":29,"comment_status":"closed","ping_status":"closed","template":"","meta":{"footnotes":""},"class_list":["post-919","page","type-page","status-publish","hentry"],"_links":{"self":[{"href":"https:\/\/sattler3d.com\/index.php\/wp-json\/wp\/v2\/pages\/919","targetHints":{"allow":["GET"]}}],"collection":[{"href":"https:\/\/sattler3d.com\/index.php\/wp-json\/wp\/v2\/pages"}],"about":[{"href":"https:\/\/sattler3d.com\/index.php\/wp-json\/wp\/v2\/types\/page"}],"author":[{"embeddable":true,"href":"https:\/\/sattler3d.com\/index.php\/wp-json\/wp\/v2\/users\/2"}],"replies":[{"embeddable":true,"href":"https:\/\/sattler3d.com\/index.php\/wp-json\/wp\/v2\/comments?post=919"}],"version-history":[{"count":41,"href":"https:\/\/sattler3d.com\/index.php\/wp-json\/wp\/v2\/pages\/919\/revisions"}],"predecessor-version":[{"id":1347,"href":"https:\/\/sattler3d.com\/index.php\/wp-json\/wp\/v2\/pages\/919\/revisions\/1347"}],"wp:attachment":[{"href":"https:\/\/sattler3d.com\/index.php\/wp-json\/wp\/v2\/media?parent=919"}],"curies":[{"name":"wp","href":"https:\/\/api.w.org\/{rel}","templated":true}]}}