{"id":954,"date":"2022-03-10T18:20:43","date_gmt":"2022-03-10T17:20:43","guid":{"rendered":"https:\/\/sattler3d.com\/?page_id=954"},"modified":"2024-03-25T18:36:36","modified_gmt":"2024-03-25T17:36:36","slug":"peripherie","status":"publish","type":"page","link":"https:\/\/sattler3d.com\/index.php\/anwendung\/peripherie\/","title":{"rendered":"ROBOTER-PERIPHERIE"},"content":{"rendered":"\n<p>Alles, was rund um einen Roboter n\u00f6tig ist, damit er eine Aufgabe sicher und zuverl\u00e4ssig erf\u00fcllen kann.<\/p>\n\n\n\n<ul class=\"wp-block-list\"><li>Gestelle + Tische<\/li><li>Zuf\u00fchrungen<\/li><li>Vorrichtungen<\/li><li>Montagehilfsmittel<\/li><li>Einhausungen + Sicherheitstechnik<\/li><\/ul>\n\n\n\n<h4 class=\"wp-block-heading\">Greifer + EOAT<\/h4>\n\n\n\n<p>Sie suchen nach dem passenden Greifer, nach speziellen Greiferbacken, Greiferfingern, Sauggreifern oder anderen Werkzeugen f\u00fcr Ihren Roboter?<\/p>\n\n\n\n<p>Wir bieten folgende Leistungen:<\/p>\n\n\n\n<ul class=\"wp-block-list\"><li>Beratung<\/li><li>Konstruktion<\/li><li>Vorab-Test mit 3D-gedruckten Elementen (Greiferfinger, Greiferbacken etc.)<\/li><li>Fertigung f\u00fcr den industriellen Einsatz<\/li><\/ul>\n\n\n\n<figure class=\"wp-block-image size-large\"><img loading=\"lazy\" decoding=\"async\" width=\"1024\" height=\"768\" src=\"https:\/\/sattler3d.com\/wp-content\/uploads\/2022\/04\/20210818_132951-1024x768.jpg\" alt=\"Mobiles Modul Robotic\" class=\"wp-image-1024\"\/><figcaption>Mobiles Modul Robotic mit Ausbildungsroboter e.Do<\/figcaption><\/figure>\n","protected":false},"excerpt":{"rendered":"<p>Alles, was rund um einen Roboter n\u00f6tig ist, damit er eine Aufgabe sicher und zuverl\u00e4ssig erf\u00fcllen kann. Gestelle + Tische Zuf\u00fchrungen Vorrichtungen Montagehilfsmittel Einhausungen + Sicherheitstechnik Greifer + EOAT Sie suchen nach dem passenden Greifer, nach speziellen Greiferbacken, Greiferfingern, Sauggreifern oder anderen Werkzeugen f\u00fcr Ihren Roboter? Wir bieten folgende Leistungen: Beratung Konstruktion Vorab-Test mit 3D-gedruckten &#8230;<\/p>\n","protected":false},"author":2,"featured_media":0,"parent":651,"menu_order":8,"comment_status":"closed","ping_status":"closed","template":"","meta":{"footnotes":""},"class_list":["post-954","page","type-page","status-publish","hentry"],"_links":{"self":[{"href":"https:\/\/sattler3d.com\/index.php\/wp-json\/wp\/v2\/pages\/954","targetHints":{"allow":["GET"]}}],"collection":[{"href":"https:\/\/sattler3d.com\/index.php\/wp-json\/wp\/v2\/pages"}],"about":[{"href":"https:\/\/sattler3d.com\/index.php\/wp-json\/wp\/v2\/types\/page"}],"author":[{"embeddable":true,"href":"https:\/\/sattler3d.com\/index.php\/wp-json\/wp\/v2\/users\/2"}],"replies":[{"embeddable":true,"href":"https:\/\/sattler3d.com\/index.php\/wp-json\/wp\/v2\/comments?post=954"}],"version-history":[{"count":6,"href":"https:\/\/sattler3d.com\/index.php\/wp-json\/wp\/v2\/pages\/954\/revisions"}],"predecessor-version":[{"id":1245,"href":"https:\/\/sattler3d.com\/index.php\/wp-json\/wp\/v2\/pages\/954\/revisions\/1245"}],"up":[{"embeddable":true,"href":"https:\/\/sattler3d.com\/index.php\/wp-json\/wp\/v2\/pages\/651"}],"wp:attachment":[{"href":"https:\/\/sattler3d.com\/index.php\/wp-json\/wp\/v2\/media?parent=954"}],"curies":[{"name":"wp","href":"https:\/\/api.w.org\/{rel}","templated":true}]}}