{"id":961,"date":"2022-03-10T18:35:12","date_gmt":"2022-03-10T17:35:12","guid":{"rendered":"https:\/\/sattler3d.com\/?page_id=961"},"modified":"2024-05-16T09:27:35","modified_gmt":"2024-05-16T07:27:35","slug":"betriebsmittelbau","status":"publish","type":"page","link":"https:\/\/sattler3d.com\/index.php\/betriebsmittelbau\/","title":{"rendered":"BETRIEBSMITTELBAU"},"content":{"rendered":"\n<h5 class=\"wp-block-heading\">Leistungen<\/h5>\n\n\n\n<ul class=\"wp-block-list\"><li>Verbesserung manueller Arbeitsprozesse<\/li><li>Mechanisierung<\/li><li>Gestaltung kollaborativer Arbeitspl\u00e4tze<\/li><li>Optimierung und Automatisierung von Pr\u00fcfprozessen<\/li><\/ul>\n\n\n\n<h5 class=\"wp-block-heading\">Kompetenzen<\/h5>\n\n\n\n<ul class=\"wp-block-list\"><li>Proze\u00dfanalyse<\/li><li>Konzepterarbeitung<\/li><li>3D-Planung<\/li><li>3D-Konstruktion<\/li><li>Entwicklung und Realisierung von Pr\u00fcf- und Me\u00dfstationen<\/li><li>Herstellung von speziellen mechanischer Komponenten<\/li><li>Greifer- und Werkzeugentwicklung, End-of-Arm-Technik<\/li><li>Robotereinsatzplung<\/li><\/ul>\n\n\n\n<h5 class=\"wp-block-heading\">Komponenten<\/h5>\n\n\n\n<ul class=\"wp-block-list\"><li>Gestelle<\/li><li>Schutzeinrichtungen<\/li><li>Umhausungen<\/li><li>Schutzhauben<\/li><li>Arbeitstische mit Arbeitsplatzeinrichtungen<\/li><li>Sonder-Transportwagen<\/li><li>Einrichtungen zur Material- und Teilebereitstellung<\/li><li>Magazine<\/li><li>Rahmen<\/li><li>Rollbahnen<\/li><\/ul>\n\n\n\n<h5 class=\"wp-block-heading\">Unser Partner am Standort<\/h5>\n\n\n\n<p>FGS Feinmechanik, Ger\u00e4te und Sondermaschinenbau Dr.Ing. Rolf Umbreit: <\/p>\n\n\n\n<ul class=\"wp-block-list\"><li>Feinmechanik<\/li><li> Pr\u00fcfger\u00e4te<\/li><li> Vorrichtungen<\/li><\/ul>\n\n\n\n<p><\/p>\n","protected":false},"excerpt":{"rendered":"<p>Leistungen Verbesserung manueller Arbeitsprozesse Mechanisierung Gestaltung kollaborativer Arbeitspl\u00e4tze Optimierung und Automatisierung von Pr\u00fcfprozessen Kompetenzen Proze\u00dfanalyse Konzepterarbeitung 3D-Planung 3D-Konstruktion Entwicklung und Realisierung von Pr\u00fcf- und Me\u00dfstationen Herstellung von speziellen mechanischer Komponenten Greifer- und Werkzeugentwicklung, End-of-Arm-Technik Robotereinsatzplung Komponenten Gestelle Schutzeinrichtungen Umhausungen Schutzhauben Arbeitstische mit Arbeitsplatzeinrichtungen Sonder-Transportwagen Einrichtungen zur Material- und Teilebereitstellung Magazine Rahmen Rollbahnen Unser Partner am &#8230;<\/p>\n","protected":false},"author":2,"featured_media":0,"parent":0,"menu_order":-15,"comment_status":"closed","ping_status":"closed","template":"","meta":{"footnotes":""},"class_list":["post-961","page","type-page","status-publish","hentry"],"_links":{"self":[{"href":"https:\/\/sattler3d.com\/index.php\/wp-json\/wp\/v2\/pages\/961","targetHints":{"allow":["GET"]}}],"collection":[{"href":"https:\/\/sattler3d.com\/index.php\/wp-json\/wp\/v2\/pages"}],"about":[{"href":"https:\/\/sattler3d.com\/index.php\/wp-json\/wp\/v2\/types\/page"}],"author":[{"embeddable":true,"href":"https:\/\/sattler3d.com\/index.php\/wp-json\/wp\/v2\/users\/2"}],"replies":[{"embeddable":true,"href":"https:\/\/sattler3d.com\/index.php\/wp-json\/wp\/v2\/comments?post=961"}],"version-history":[{"count":5,"href":"https:\/\/sattler3d.com\/index.php\/wp-json\/wp\/v2\/pages\/961\/revisions"}],"predecessor-version":[{"id":1276,"href":"https:\/\/sattler3d.com\/index.php\/wp-json\/wp\/v2\/pages\/961\/revisions\/1276"}],"wp:attachment":[{"href":"https:\/\/sattler3d.com\/index.php\/wp-json\/wp\/v2\/media?parent=961"}],"curies":[{"name":"wp","href":"https:\/\/api.w.org\/{rel}","templated":true}]}}